{"id":820,"date":"2022-07-04T08:51:07","date_gmt":"2022-07-04T08:51:07","guid":{"rendered":"https:\/\/webatmobile.de\/?page_id=820"},"modified":"2022-07-08T09:43:47","modified_gmt":"2022-07-08T09:43:47","slug":"glasfaser","status":"publish","type":"page","link":"https:\/\/webatmobile.de\/index.php\/internet-festnetz\/glasfaser\/","title":{"rendered":"Glasfaser"},"content":{"rendered":"<div class=\"wpb-content-wrapper\"><p>[vc_row el_class=&#8220;pt-3 mt-4&#8243;][vc_column][vc_row_inner wrap_container=&#8220;yes&#8220; el_class=&#8220;m-b-lg pb-2&#8243;][vc_column_inner offset=&#8220;vc_col-md-7&#8243;][vc_column_text]<\/p>\n<h2 class=\"p1\">Glasfaserhausanschluss:<br \/>\n<span style=\"font-size: 25px;\">Die schnellste Dimension des Internets<\/span><\/h2>\n<p class=\"p1\"><strong>Jetzt geht\u2019s ab in Delmenhorst<\/strong>: web@mobile bringt das Glasfasernetz direkt vor Ihre Haust\u00fcr. Holen Sie sich Ihren idealen Internetanschluss.<\/p>\n<p>[\/vc_column_text]<div class=\"porto-feature-box wpb_content_element \"><div class=\"feature-box feature-box-style-1\"><div class=\"feature-box-info p-none\"><div class=\"porto-sicon-box  wpb_custom_3410807a248fe360b7be9d8ee29daa38 style_1 default-icon\"><div class=\"porto-sicon-default\"><div class=\"porto-just-icon-wrapper porto-icon none\" style=\"color:#e41c19;font-size:20px;\"><i class=\"fas fa-check\"><\/i><\/div><\/div><div class=\"porto-sicon-header\"><h3 class=\"porto-sicon-title\" style=\"\">Ultraschnell und ultrastabil downloaden mit bis zu 1.000 Mbit\/s<\/h3><\/div> <!-- header --><\/div><!-- porto-sicon-box --><div class=\"porto-sicon-box  wpb_custom_3410807a248fe360b7be9d8ee29daa38 style_1 default-icon\"><div class=\"porto-sicon-default\"><div class=\"porto-just-icon-wrapper porto-icon none\" style=\"color:#e41c19;font-size:20px;\"><i class=\"fas fa-check\"><\/i><\/div><\/div><div class=\"porto-sicon-header\"><h3 class=\"porto-sicon-title\" style=\"\">Flat ins Internet und nationale Festnetz<\/h3><\/div> <!-- header --><\/div><!-- porto-sicon-box --><\/div><\/div><\/div>[vc_column_text]<\/p>\n<h2>Dank Glasfaser stabil und ultraschnell surfen<\/h2>\n<p>Es bringt Ihnen herzlich wenig, wenn Daten in H\u00f6chstgeschwindigkeit in Ihrer Stra\u00dfe in Delmenhorst\u00a0ankommen, um dann auf den letzten Metern durch ein altes Kupferkabel zu flie\u00dfen. Das Zauberwort lautet\u00a0<strong>Hausanschluss\u00a0<\/strong>\u2013 also der direkte Anschluss an das Glasfasernetz in Delmenhorst. Daf\u00fcr arbeiten Tiefbaufirmen fast immer <strong>in geschlossener Bauweise\u00a0<\/strong>ohne Grabungen. Ihr Vorgarten bleibt intakt, das Glasfaserkabel wird durch ein Leerrohr verlegt und mit einem Netzabschlussger\u00e4t im Haus verbunden.[\/vc_column_text][\/vc_column_inner][vc_column_inner el_class=&#8220;ml-auto pt-4 pt-5 pt-lg-4 pb-5&#8243; width=&#8220;5\/6&#8243; offset=&#8220;vc_col-md-4 vc_col-xs-10&#8243;][vc_single_image image=&#8220;832&#8243; img_size=&#8220;full&#8220; onclick=&#8220;link_image&#8220;][vc_video link=&#8220;https:\/\/www.youtube.com\/embed\/8ZEGXF7S0Og&#8220;][vc_column_text]<\/p>\n<p class=\"p1\">Haben Sie Fragen zum Thema Glasfaser? <a href=\"https:\/\/webatmobile.de\/index.php\/kontakt\/\">Sprechen Sie uns gerne an<\/a>. Wir beraten Sie zu diversen Angeboten rund um das Thema.<\/p>\n<p>[\/vc_column_text][\/vc_column_inner][\/vc_row_inner][\/vc_column][\/vc_row][vc_row wrap_container=&#8220;yes&#8220; css=&#8220;.vc_custom_1627294149931{margin-top: 2% !important;margin-bottom: 1% !important;padding-top: 3% !important;padding-right: 3% !important;padding-bottom: 3% !important;padding-left: 3% !important;background-color: #e41c19 !important;}&#8220;][vc_column][vc_column_text]<\/p>\n<h2 class=\"p1\" style=\"text-align: center; font-size: 40px; color: #ffffff;\">Highspeed Internet mit einem Glasfaserhausanschluss<\/h2>\n<p class=\"p1\" style=\"text-align: center; color: #ffffff; font-size: 25px;\">Wir beraten Sie individuell und kompetent \u2013 jetzt anfragen!<\/p>\n<p>[\/vc_column_text][vc_row_inner][vc_column_inner width=&#8220;1\/4&#8243;][\/vc_column_inner][vc_column_inner width=&#8220;1\/4&#8243;]<div class=\"porto-btn-ctn-center \"><a class=\"porto-btn porto-adjust-bottom-margin porto-btn-normal porto-btn-no-hover-bg   wpb_custom_fa51088c2567b780100c1edcf8821d3b  porto-btn-center \"  rel='' href = \"tel:+4942211238080\"  data-hover=\"\" data-border-color=\"\" data-bg=\"#ffffff\" data-hover-bg=\"\" data-border-hover=\"\" data-shadow-click=\"none\" data-shadow=\"\" style=\"border:none;background: #ffffff;color: #000000;\"><span class=\"porto-btn-hover\"><\/span><span class=\"porto-btn-data porto-btn-text \" >Jetzt anrufen<\/span><\/a><\/div>[\/vc_column_inner][vc_column_inner width=&#8220;1\/4&#8243;]<div class=\"porto-btn-ctn-center \"><a class=\"porto-btn porto-adjust-bottom-margin porto-btn-normal porto-btn-no-hover-bg   wpb_custom_fa51088c2567b780100c1edcf8821d3b  porto-btn-center \"  rel='' href = \"mailto:info@webatmobile.de\"  data-hover=\"\" data-border-color=\"\" data-bg=\"#ffffff\" data-hover-bg=\"\" data-border-hover=\"\" data-shadow-click=\"none\" data-shadow=\"\" style=\"border:none;background: #ffffff;color: #000000;\"><span class=\"porto-btn-hover\"><\/span><span class=\"porto-btn-data porto-btn-text \" >E-Mail senden<\/span><\/a><\/div>[\/vc_column_inner][vc_column_inner width=&#8220;1\/4&#8243;][\/vc_column_inner][\/vc_row_inner][\/vc_column][\/vc_row][vc_row wrap_container=&#8220;yes&#8220; css=&#8220;.vc_custom_1627309565480{margin-top: 3% !important;}&#8220;][vc_column width=&#8220;1\/2&#8243;][vc_column_text]<\/p>\n<h3 class=\"p1\">Glasfaser in Delmenhorst: Ihre Vorteile<\/h3>\n<ul>\n<li>Vorteil 1: \u00dcber optische Lichtsignale k\u00f6nnen<strong>\u00a0deutlich mehr Infos pro Zeiteinheit<\/strong>\u00a0\u00fcbertragen werden. Technisch ist kein Limit f\u00fcr solche Glasfaseranschl\u00fcsse in Sicht, Download-Geschwindigkeiten von 1 GB pro Sekunde sind locker m\u00f6glich.<\/li>\n<li>Vorteil 2: Die optische \u00dcbertragung ist sehr unempfindlich gegen\u00fcber \u00e4u\u00dferen Faktoren und damit\u00a0<strong>in h\u00f6chstem Ma\u00dfe stabil<\/strong>.<\/li>\n<\/ul>\n<p>Zusammengefasst: Sie d\u00fcrfen sich in Delmenhorst\u00a0auf\u00a0<strong>hohe Bandbreite<\/strong>\u00a0und eine\u00a0<strong>ruckelfreie Verbindung<\/strong> freuen![\/vc_column_text]<ul class=\"porto-info-list  porto-info-listd751713988987e9331980363e24189ce wpb_custom_2470fd4f9162ce1f73c94a8a2b72b3bf\"><li class=\"porto-info-list-item  wpb_custom_eade0171093a7591372ccf9372738e3d\"><i class=\"porto-info-icon fas fa-signal\"><\/i><div class=\"porto-info-list-item-desc\">\n<ul class=\"ul1\">\n<li class=\"li1\"><span style=\"font-size: 20px;\">Verschiedene Tarife zur Auswahl<\/span><\/li>\n<\/ul>\n<p><\/div><\/li><li class=\"porto-info-list-item  wpb_custom_eade0171093a7591372ccf9372738e3d\"><i class=\"porto-info-icon fas fa-exchange-alt\"><\/i><div class=\"porto-info-list-item-desc\">\n<ul class=\"ul1\">\n<li class=\"li1\"><span style=\"font-size: 20px;\">zuverl\u00e4ssiger &amp; stabiler Internetanschluss<\/span><\/li>\n<\/ul>\n<p><\/div><\/li><li class=\"porto-info-list-item  wpb_custom_eade0171093a7591372ccf9372738e3d\"><i class=\"porto-info-icon fas fa-mobile-alt\"><\/i><div class=\"porto-info-list-item-desc\">\n<ul class=\"ul1\">\n<li class=\"li1\"><span style=\"font-size: 20px;\">mit mehreren Ger\u00e4ten schnell im Internet surfen<\/span><\/li>\n<\/ul>\n<p><\/div><\/li><\/ul>[\/vc_column][vc_column width=&#8220;1\/2&#8243;][vc_single_image image=&#8220;827&#8243; img_size=&#8220;full&#8220;][\/vc_column][\/vc_row][vc_row disable_element=&#8220;yes&#8220; wrap_container=&#8220;yes&#8220; css=&#8220;.vc_custom_1656926439812{margin-bottom: 3% !important;padding-top: 2% !important;padding-right: 2% !important;padding-bottom: 0% !important;padding-left: 2% !important;background-color: #f9f9f9 !important;}&#8220;][vc_column width=&#8220;1\/2&#8243;][vc_column_text]<\/p>\n<h3 class=\"p1\">Der Anbieter Ihrer Wahl<\/h3>\n<p class=\"p1\">Gemeinsam w\u00e4hlen wir den optimalen Vertragspartner f\u00fcr Sie aus. Dabei stehen uns verschiedene Anbieter zur Verf\u00fcgung.<\/p>\n<p>[\/vc_column_text][\/vc_column][vc_column width=&#8220;1\/2&#8243;][vc_column_text]<\/p>\n<h3 class=\"p1\">Der perfekte Router f\u00fcr Ihren Tarif<\/h3>\n<p class=\"p1\">Auch die Wahl des Routers ist, in Verbindung mit dem Tarif, wichtig. Gerne beraten wir Sie unverbindlich zu verschiedenen Routern und den damit verbundenen M\u00f6glichkeiten.<\/p>\n<p>[\/vc_column_text][\/vc_column][\/vc_row][vc_row wrap_container=&#8220;yes&#8220;][vc_column][vc_gmaps link=&#8220;#E-8_JTNDaWZyYW1lJTIwc3JjJTNEJTIyaHR0cHMlM0ElMkYlMkZ3d3cuZ29vZ2xlLmNvbSUyRm1hcHMlMkZlbWJlZCUzRnBiJTNEJTIxMW0xNCUyMTFtOCUyMTFtMyUyMTFkOTU5MS44OTYwNDY0MjM2OTMlMjEyZDguNjMxMzM3NyUyMTNkNTMuMDU2Nzc0NCUyMTNtMiUyMTFpMTAyNCUyMTJpNzY4JTIxNGYxMy4xJTIxM20zJTIxMW0yJTIxMXMweDAlMjUzQTB4MzJlZDFhMzBhYTNhNzFjNiUyMTJzV2ViJTI1NDBNb2JpbGUlMjE1ZTAlMjEzbTIlMjExc2RlJTIxMnNkZSUyMTR2MTYyNzI4OTcxNzkzMCUyMTVtMiUyMTFzZGUlMjEyc2RlJTIyJTIwd2lkdGglM0QlMjI2MDAlMjIlMjBoZWlnaHQlM0QlMjI0NTAlMjIlMjBzdHlsZSUzRCUyMmJvcmRlciUzQTAlM0IlMjIlMjBhbGxvd2Z1bGxzY3JlZW4lM0QlMjIlMjIlMjBsb2FkaW5nJTNEJTIybGF6eSUyMiUzRSUzQyUyRmlmcmFtZSUzRQ==&#8220; size=&#8220;300px&#8220;][\/vc_column][\/vc_row][vc_row wrap_container=&#8220;yes&#8220;][vc_column][vc_column_text]<span style=\"font-size: 10px;\">* Sparen Sie bis zu 800 \u20ac f\u00fcr den Glasfaserhausanschluss der EWE bei einem Internetvertragsabschluss mit einer Laufzeit von 2 Jahren. Nur bei individueller und positiver Verf\u00fcgbarkeitspr\u00fcfung. Aktion zeitlich begrenzt bis 31.07.2022. Weitere Kosten f\u00fcr Glasfaserrouter m\u00f6glich. Zus\u00e4tzliche Bedingungen unter ewe.de\/glasfaser.<\/span>[\/vc_column_text][\/vc_column][\/vc_row]<\/p>\n<\/div>","protected":false},"excerpt":{"rendered":"<p>[vc_row el_class=&#8220;pt-3 mt-4&#8243;][vc_column][vc_row_inner wrap_container=&#8220;yes&#8220; el_class=&#8220;m-b-lg pb-2&#8243;][vc_column_inner offset=&#8220;vc_col-md-7&#8243;][vc_column_text] Glasfaserhausanschluss: Die schnellste Dimension des Internets Jetzt geht\u2019s ab in Delmenhorst: web@mobile bringt das Glasfasernetz direkt vor Ihre Haust\u00fcr. Holen Sie sich Ihren idealen Internetanschluss. [\/vc_column_text][vc_column_text] Dank Glasfaser stabil und ultraschnell surfen Es bringt Ihnen herzlich wenig, wenn Daten in H\u00f6chstgeschwindigkeit in Ihrer Stra\u00dfe in Delmenhorst\u00a0ankommen, um dann [&hellip;]<\/p>\n","protected":false},"author":4,"featured_media":0,"parent":31,"menu_order":0,"comment_status":"closed","ping_status":"closed","template":"","meta":{"footnotes":""},"class_list":["post-820","page","type-page","status-publish","hentry"],"yoast_head":"<!-- This site is optimized with the Yoast SEO plugin v27.4 - https:\/\/yoast.com\/product\/yoast-seo-wordpress\/ -->\n<title>Glasfaser - web@mobile<\/title>\n<meta name=\"description\" content=\"Sie wollen superschnell &amp; stabil im Internet surfen? Jetzt in Delmenhorst einen Glasfaseranschluss installieren lassen \u2013 wir beraten Sie gerne!\" \/>\n<meta name=\"robots\" content=\"noindex, nofollow\" \/>\n<meta property=\"og:locale\" content=\"de_DE\" \/>\n<meta property=\"og:type\" content=\"article\" \/>\n<meta property=\"og:title\" content=\"Glasfaser - web@mobile\" \/>\n<meta property=\"og:description\" content=\"Sie wollen superschnell &amp; stabil im Internet surfen? Jetzt in Delmenhorst einen Glasfaseranschluss installieren lassen \u2013 wir beraten Sie gerne!\" \/>\n<meta property=\"og:url\" content=\"https:\/\/webatmobile.de\/index.php\/internet-festnetz\/glasfaser\/\" \/>\n<meta property=\"og:site_name\" content=\"web@mobile\" \/>\n<meta property=\"article:modified_time\" content=\"2022-07-08T09:43:47+00:00\" \/>\n<meta name=\"twitter:card\" content=\"summary_large_image\" \/>\n<meta name=\"twitter:label1\" content=\"Gesch\u00e4tzte Lesezeit\" \/>\n\t<meta name=\"twitter:data1\" content=\"3\u00a0Minuten\" \/>\n<script type=\"application\/ld+json\" class=\"yoast-schema-graph\">{\"@context\":\"https:\\\/\\\/schema.org\",\"@graph\":[{\"@type\":\"WebPage\",\"@id\":\"https:\\\/\\\/webatmobile.de\\\/index.php\\\/internet-festnetz\\\/glasfaser\\\/\",\"url\":\"https:\\\/\\\/webatmobile.de\\\/index.php\\\/internet-festnetz\\\/glasfaser\\\/\",\"name\":\"Glasfaser - web@mobile\",\"isPartOf\":{\"@id\":\"https:\\\/\\\/webatmobile.de\\\/#website\"},\"datePublished\":\"2022-07-04T08:51:07+00:00\",\"dateModified\":\"2022-07-08T09:43:47+00:00\",\"description\":\"Sie wollen superschnell & stabil im Internet surfen? Jetzt in Delmenhorst einen Glasfaseranschluss installieren lassen \u2013 wir beraten Sie gerne!\",\"breadcrumb\":{\"@id\":\"https:\\\/\\\/webatmobile.de\\\/index.php\\\/internet-festnetz\\\/glasfaser\\\/#breadcrumb\"},\"inLanguage\":\"de\",\"potentialAction\":[{\"@type\":\"ReadAction\",\"target\":[\"https:\\\/\\\/webatmobile.de\\\/index.php\\\/internet-festnetz\\\/glasfaser\\\/\"]}]},{\"@type\":\"BreadcrumbList\",\"@id\":\"https:\\\/\\\/webatmobile.de\\\/index.php\\\/internet-festnetz\\\/glasfaser\\\/#breadcrumb\",\"itemListElement\":[{\"@type\":\"ListItem\",\"position\":1,\"name\":\"Startseite\",\"item\":\"https:\\\/\\\/webatmobile.de\\\/\"},{\"@type\":\"ListItem\",\"position\":2,\"name\":\"Internet &#038; Festnetz\",\"item\":\"https:\\\/\\\/webatmobile.de\\\/index.php\\\/internet-festnetz\\\/\"},{\"@type\":\"ListItem\",\"position\":3,\"name\":\"Glasfaser\"}]},{\"@type\":\"WebSite\",\"@id\":\"https:\\\/\\\/webatmobile.de\\\/#website\",\"url\":\"https:\\\/\\\/webatmobile.de\\\/\",\"name\":\"web@mobile\",\"description\":\"Smartphone &amp; Tablets | Festnetz &amp; DSL | Handyreparatur\",\"potentialAction\":[{\"@type\":\"SearchAction\",\"target\":{\"@type\":\"EntryPoint\",\"urlTemplate\":\"https:\\\/\\\/webatmobile.de\\\/?s={search_term_string}\"},\"query-input\":{\"@type\":\"PropertyValueSpecification\",\"valueRequired\":true,\"valueName\":\"search_term_string\"}}],\"inLanguage\":\"de\"}]}<\/script>\n<!-- \/ Yoast SEO plugin. -->","yoast_head_json":{"title":"Glasfaser - web@mobile","description":"Sie wollen superschnell & stabil im Internet surfen? Jetzt in Delmenhorst einen Glasfaseranschluss installieren lassen \u2013 wir beraten Sie gerne!","robots":{"index":"noindex","follow":"nofollow"},"og_locale":"de_DE","og_type":"article","og_title":"Glasfaser - web@mobile","og_description":"Sie wollen superschnell & stabil im Internet surfen? Jetzt in Delmenhorst einen Glasfaseranschluss installieren lassen \u2013 wir beraten Sie gerne!","og_url":"https:\/\/webatmobile.de\/index.php\/internet-festnetz\/glasfaser\/","og_site_name":"web@mobile","article_modified_time":"2022-07-08T09:43:47+00:00","twitter_card":"summary_large_image","twitter_misc":{"Gesch\u00e4tzte Lesezeit":"3\u00a0Minuten"},"schema":{"@context":"https:\/\/schema.org","@graph":[{"@type":"WebPage","@id":"https:\/\/webatmobile.de\/index.php\/internet-festnetz\/glasfaser\/","url":"https:\/\/webatmobile.de\/index.php\/internet-festnetz\/glasfaser\/","name":"Glasfaser - web@mobile","isPartOf":{"@id":"https:\/\/webatmobile.de\/#website"},"datePublished":"2022-07-04T08:51:07+00:00","dateModified":"2022-07-08T09:43:47+00:00","description":"Sie wollen superschnell & stabil im Internet surfen? Jetzt in Delmenhorst einen Glasfaseranschluss installieren lassen \u2013 wir beraten Sie gerne!","breadcrumb":{"@id":"https:\/\/webatmobile.de\/index.php\/internet-festnetz\/glasfaser\/#breadcrumb"},"inLanguage":"de","potentialAction":[{"@type":"ReadAction","target":["https:\/\/webatmobile.de\/index.php\/internet-festnetz\/glasfaser\/"]}]},{"@type":"BreadcrumbList","@id":"https:\/\/webatmobile.de\/index.php\/internet-festnetz\/glasfaser\/#breadcrumb","itemListElement":[{"@type":"ListItem","position":1,"name":"Startseite","item":"https:\/\/webatmobile.de\/"},{"@type":"ListItem","position":2,"name":"Internet &#038; Festnetz","item":"https:\/\/webatmobile.de\/index.php\/internet-festnetz\/"},{"@type":"ListItem","position":3,"name":"Glasfaser"}]},{"@type":"WebSite","@id":"https:\/\/webatmobile.de\/#website","url":"https:\/\/webatmobile.de\/","name":"web@mobile","description":"Smartphone &amp; Tablets | Festnetz &amp; DSL | Handyreparatur","potentialAction":[{"@type":"SearchAction","target":{"@type":"EntryPoint","urlTemplate":"https:\/\/webatmobile.de\/?s={search_term_string}"},"query-input":{"@type":"PropertyValueSpecification","valueRequired":true,"valueName":"search_term_string"}}],"inLanguage":"de"}]}},"_links":{"self":[{"href":"https:\/\/webatmobile.de\/index.php\/wp-json\/wp\/v2\/pages\/820","targetHints":{"allow":["GET"]}}],"collection":[{"href":"https:\/\/webatmobile.de\/index.php\/wp-json\/wp\/v2\/pages"}],"about":[{"href":"https:\/\/webatmobile.de\/index.php\/wp-json\/wp\/v2\/types\/page"}],"author":[{"embeddable":true,"href":"https:\/\/webatmobile.de\/index.php\/wp-json\/wp\/v2\/users\/4"}],"replies":[{"embeddable":true,"href":"https:\/\/webatmobile.de\/index.php\/wp-json\/wp\/v2\/comments?post=820"}],"version-history":[{"count":12,"href":"https:\/\/webatmobile.de\/index.php\/wp-json\/wp\/v2\/pages\/820\/revisions"}],"predecessor-version":[{"id":837,"href":"https:\/\/webatmobile.de\/index.php\/wp-json\/wp\/v2\/pages\/820\/revisions\/837"}],"up":[{"embeddable":true,"href":"https:\/\/webatmobile.de\/index.php\/wp-json\/wp\/v2\/pages\/31"}],"wp:attachment":[{"href":"https:\/\/webatmobile.de\/index.php\/wp-json\/wp\/v2\/media?parent=820"}],"curies":[{"name":"wp","href":"https:\/\/api.w.org\/{rel}","templated":true}]}}