{"id":29,"date":"2021-02-10T02:38:51","date_gmt":"2021-02-10T02:38:51","guid":{"rendered":"http:\/\/sw-themes.com\/porto_dummy\/?page_id=29"},"modified":"2021-07-26T12:14:27","modified_gmt":"2021-07-26T12:14:27","slug":"tarifoptimierung","status":"publish","type":"page","link":"https:\/\/webatmobile.de\/index.php\/tarifoptimierung\/","title":{"rendered":"Tarifoptimierung"},"content":{"rendered":"<div class=\"wpb-content-wrapper\"><p>[vc_row el_class=&#8220;pt-3 mt-4&#8243;][vc_column][vc_row_inner wrap_container=&#8220;yes&#8220; el_class=&#8220;m-b-lg pb-2&#8243;][vc_column_inner offset=&#8220;vc_col-md-7&#8243;][vc_column_text]<\/p>\n<h2 class=\"p1\">Auch Vertr\u00e4ge k\u00f6nnen in die Jahre kommen.<\/h2>\n<p>[\/vc_column_text][vc_column_text]<\/p>\n<p class=\"p1\">Veraltete Vertr\u00e4ge sind oftmals kostentreibende Faktoren in Ihrer privaten Buchhaltung. Diese Tarife gilt es in regelm\u00e4\u00dfigen Abst\u00e4nden zu \u00fcberpr\u00fcfen und zeitgem\u00e4\u00df anzupassen. Dabei geht es um Datenvolumen, Vertragskosten, Zusatzgeb\u00fchren und vielem mehr.<\/p>\n<p class=\"p1\">Nicht nur alte Vertr\u00e4ge k\u00f6nnen falsch konfiguriert sein. Auch Vertr\u00e4ge, die Sie vor nicht all zu langer Zeit abgeschlossen haben, k\u00f6nnen \u00fcber oder unter Ihrem Bedarf sein und somit unn\u00f6tige Kosten verursachen oder Leistungseinbu\u00dfen mit sich bringen.<\/p>\n<p>[\/vc_column_text][vc_btn title=&#8220;Tarif unverbindlich \u00fcberpr\u00fcfen&#8220; style=&#8220;custom&#8220; custom_background=&#8220;#e41c19&#8243; custom_text=&#8220;#ffffff&#8220; link=&#8220;url:%23tarifform&#8220;][\/vc_column_inner][vc_column_inner el_class=&#8220;ml-auto pt-4 pt-5 pt-lg-4 pb-5&#8243; width=&#8220;5\/6&#8243; offset=&#8220;vc_col-md-4 vc_col-xs-10&#8243;][vc_single_image image=&#8220;746&#8243; img_size=&#8220;full&#8220; label=&#8220;&#8220;][\/vc_column_inner][\/vc_row_inner][\/vc_column][\/vc_row][vc_row full_width=&#8220;stretch_row&#8220; gap=&#8220;30&#8243; content_placement=&#8220;middle&#8220; wrap_container=&#8220;yes&#8220; css=&#8220;.vc_custom_1626095616929{margin-top: 0px !important;margin-right: 0px !important;margin-bottom: 0px !important;margin-left: 0px !important;background: #e31c18 url(https:\/\/webatmobile.de\/wp-content\/uploads\/2021\/07\/webatmobile-tarifoptimierung-min.jpg?id=694) !important;background-position: center !important;background-repeat: no-repeat !important;background-size: cover !important;}&#8220; el_class=&#8220;b-hide dark footer-top p-relative&#8220;][vc_column el_class=&#8220;p-static&#8220;][vc_row_inner content_placement=&#8220;middle&#8220; el_class=&#8220;footer-top-content&#8220;][vc_column_inner offset=&#8220;vc_col-md-8&#8243;][vc_custom_heading text=&#8220;Kostenfreie Tarifoptimierung&#8220; font_container=&#8220;tag:h2|font_size:27px|text_align:left|color:%23ffffff|line_height:26px&#8220; use_theme_fonts=&#8220;yes&#8220; font_weight=&#8220;400&#8243; letter_spacing=&#8220;0&#8243; animation_delay=&#8220;200&#8243; css=&#8220;.vc_custom_1627301055918{margin-bottom: 8px !important;}&#8220; animation_type=&#8220;fadeInLeft&#8220; el_class=&#8220;zigzag white&#8220;][vc_custom_heading text=&#8220;Jetzt kostenfrei Tarifoptimierung starten. Unsere Fachberater nehmen sich gerne Ihr Anliegen an und kontaktieren Sie unverbindlich.&#8220; font_container=&#8220;tag:p|font_size:20px|text_align:left|color:%23ffffff|line_height:40px&#8220; use_theme_fonts=&#8220;yes&#8220; font_weight=&#8220;700&#8243; animation_delay=&#8220;400&#8243; css=&#8220;.vc_custom_1627298107093{margin-bottom: 14px !important;}&#8220; animation_type=&#8220;fadeInLeft&#8220;][\/vc_column_inner][vc_column_inner el_class=&#8220;mt-5 mt-lg-0&#8243; offset=&#8220;vc_col-md-4&#8243;][vc_btn title=&#8220;Kontaktieren Sie uns&#8220; style=&#8220;outline&#8220; shape=&#8220;square&#8220; color=&#8220;white&#8220; size=&#8220;xs&#8220; i_align=&#8220;right&#8220; i_icon_fontawesome=&#8220;fas fa-arrow-right&#8220; skin=&#8220;light&#8220; btn_fs=&#8220;20&#8243; btn_fw=&#8220;600&#8243; animation_delay=&#8220;600&#8243; add_icon=&#8220;true&#8220; el_class=&#8220;btn-talk btn-arrow-move align-lg-right&#8220; btn_px=&#8220;1.2em&#8220; btn_py=&#8220;0.8em&#8220; animation_type=&#8220;fadeInRight&#8220; css=&#8220;.vc_custom_1627301023500{margin-bottom: 0px !important;}&#8220; link=&#8220;url:https%3A%2F%2Fwebatmobile.de%2Findex.php%2Fkontakt%2F&#8220;][\/vc_column_inner][\/vc_row_inner][\/vc_column][\/vc_row][vc_row wrap_container=&#8220;yes&#8220; el_id=&#8220;tarifform&#8220; css=&#8220;.vc_custom_1626159836549{padding-top: 3% !important;padding-bottom: 3% !important;background-color: #f7f7f7 !important;}&#8220;][vc_column][vc_column_text]<\/p>\n<h2>Wir optimieren Ihre Tarife \u2013 jetzt anfragen<\/h2>\n<p>[\/vc_column_text]\n<div class=\"wpcf7 no-js\" id=\"wpcf7-f696-o1\" lang=\"de-DE\" dir=\"ltr\" data-wpcf7-id=\"696\">\n<div class=\"screen-reader-response\"><p role=\"status\" aria-live=\"polite\" aria-atomic=\"true\"><\/p> <ul><\/ul><\/div>\n<form action=\"\/index.php\/wp-json\/wp\/v2\/pages\/29#wpcf7-f696-o1\" method=\"post\" class=\"wpcf7-form init\" aria-label=\"Kontaktformular\" novalidate=\"novalidate\" data-status=\"init\">\n<fieldset class=\"hidden-fields-container\"><input type=\"hidden\" name=\"_wpcf7\" value=\"696\" \/><input type=\"hidden\" name=\"_wpcf7_version\" value=\"6.1.5\" \/><input type=\"hidden\" name=\"_wpcf7_locale\" value=\"de_DE\" \/><input type=\"hidden\" name=\"_wpcf7_unit_tag\" value=\"wpcf7-f696-o1\" \/><input type=\"hidden\" name=\"_wpcf7_container_post\" value=\"0\" \/><input type=\"hidden\" name=\"_wpcf7_posted_data_hash\" value=\"\" \/>\n<\/fieldset>\n<div class=\"wps-form\">\n\n\n    <div class=\"wps-form-row\">\n        <div class=\"wps-form-column\">\n<label>Um welche Art Vertrag geht es?<\/label>\n<span class=\"wpcf7-form-control-wrap\" data-name=\"vertragsart\"><span class=\"wpcf7-form-control wpcf7-checkbox\"><span class=\"wpcf7-list-item first\"><label><input type=\"checkbox\" name=\"vertragsart[]\" value=\"Handyvertrag\" \/><span class=\"wpcf7-list-item-label\">Handyvertrag<\/span><\/label><\/span><span class=\"wpcf7-list-item\"><label><input type=\"checkbox\" name=\"vertragsart[]\" value=\"Festnetz\" \/><span class=\"wpcf7-list-item-label\">Festnetz<\/span><\/label><\/span><span class=\"wpcf7-list-item last\"><label><input type=\"checkbox\" name=\"vertragsart[]\" value=\"DSL\" \/><span class=\"wpcf7-list-item-label\">DSL<\/span><\/label><\/span><\/span><\/span>\n<\/div>\n<\/div>\n\n    <div class=\"wps-form-row\">\n        <div class=\"wps-form-column\">\n<label>Wie lautet Ihr derzeitiger Anbieter?<\/label>\n<span class=\"wpcf7-form-control-wrap\" data-name=\"anbieteraktuell\"><input size=\"40\" maxlength=\"400\" class=\"wpcf7-form-control wpcf7-text\" aria-invalid=\"false\" value=\"\" type=\"text\" name=\"anbieteraktuell\" \/><\/span>\n<\/div>\n<div class=\"wps-form-column\">\n<label>Wie hoch sind Ihre monatlichen Kosten?<\/label>\n<span class=\"wpcf7-form-control-wrap\" data-name=\"kostenaktuell\"><input size=\"40\" maxlength=\"400\" class=\"wpcf7-form-control wpcf7-text\" aria-invalid=\"false\" value=\"\" type=\"text\" name=\"kostenaktuell\" \/><\/span>\n<\/div>\n<\/div>\n\n\n <div class=\"wps-form-row\">\n        <div class=\"wps-form-column\">\n<label> Vor- und Nachname<\/label>\n    <span class=\"wpcf7-form-control-wrap\" data-name=\"your-name\"><input size=\"40\" maxlength=\"400\" class=\"wpcf7-form-control wpcf7-text wpcf7-validates-as-required\" aria-required=\"true\" aria-invalid=\"false\" value=\"\" type=\"text\" name=\"your-name\" \/><\/span> \n<\/div>\n\n<div class=\"wps-form-column\">\n<label>Telefonnummer<\/label>\n<span class=\"wpcf7-form-control-wrap\" data-name=\"telefon\"><input size=\"40\" maxlength=\"400\" class=\"wpcf7-form-control wpcf7-text wpcf7-validates-as-required\" aria-required=\"true\" aria-invalid=\"false\" value=\"\" type=\"text\" name=\"telefon\" \/><\/span>\n<\/div>\n\n<div class=\"wps-form-column\">\n<label> E-Mail Adresse<\/label>\n    <span class=\"wpcf7-form-control-wrap\" data-name=\"your-email\"><input size=\"40\" maxlength=\"400\" class=\"wpcf7-form-control wpcf7-email wpcf7-validates-as-required wpcf7-text wpcf7-validates-as-email\" aria-required=\"true\" aria-invalid=\"false\" value=\"\" type=\"email\" name=\"your-email\" \/><\/span> \n<\/div>\n<\/div>\n\n\n   <div class=\"wps-form-row\">\n        <div class=\"wps-form-column\">\n<label> Nachricht<\/label>\n    <span class=\"wpcf7-form-control-wrap\" data-name=\"nachricht\"><textarea cols=\"40\" rows=\"10\" maxlength=\"2000\" class=\"wpcf7-form-control wpcf7-textarea\" aria-invalid=\"false\" placeholder=\"(gew\u00fcnschte Leistungen\/ Anpassungen)\" name=\"nachricht\"><\/textarea><\/span> \n<\/div>\n<\/div>\n\n   <div class=\"wps-form-row\">\n        <div class=\"wps-form-column\">\n<input class=\"wpcf7-form-control wpcf7-submit has-spinner\" type=\"submit\" value=\"Senden\" \/>\n<span class=\"wpcf7-form-control-wrap\" data-name=\"datenschutz\"><span class=\"wpcf7-form-control wpcf7-acceptance\"><span class=\"wpcf7-list-item\"><label><input type=\"checkbox\" name=\"datenschutz\" value=\"1\" aria-invalid=\"false\" \/><span class=\"wpcf7-list-item-label\">Ich habe die <a href=\"https:\/\/webatmobile.de\/index.php\/datenschutz\/\" target=\"_blank\">Datenschutzerkl\u00e4rung<\/a> zur Kenntnis genommen.<\/span><\/label><\/span><\/span><\/span>\n       <\/div>\n    <\/div>\n<\/div><div class=\"frc-captcha \" data-sitekey=\"FCMR5SJF7V2N6I3C\" data-lang=\"de\" ><\/div>\n\t\t<noscript>You need to enable Javascript for the anti-spam check.<\/noscript><div class=\"wpcf7-response-output\" aria-hidden=\"true\"><\/div>\n<\/form>\n<\/div>\n[\/vc_column][\/vc_row][vc_row wrap_container=&#8220;yes&#8220; css=&#8220;.vc_custom_1627301251049{margin-top: 3% !important;margin-bottom: 3% !important;}&#8220;][vc_column][vc_column_text]<\/p>\n<h2 style=\"text-align: center;\">Ihre Vorteile bei der Tarifoptimierung<\/h2>\n<p>[\/vc_column_text][vc_row_inner][vc_column_inner width=&#8220;1\/3&#8243;]<div class=\"porto-sicon-box  wpb_custom_1efe903570d178ff0a9b7bfa5febd3a4 style_1 top-icon\"><div class=\"porto-sicon-top\"><div class=\"porto-just-icon-wrapper porto-icon none\" style=\"color:#182867;font-size:32px;\"><i class=\"fas fa-chart-pie\"><\/i><\/div><\/div><div class=\"porto-sicon-header\"><h3 class=\"porto-sicon-title\" style=\"\">Angebote diverser Anbieter<\/h3><\/div> <!-- header --><div class=\"porto-sicon-description\" style=\"\">Durch unsere langj\u00e4hrige Partnerschaft mit mehreren Anbietern k\u00f6nnen wir Ihnen besonders attraktive Angebote erstellen.<\/div> <!-- description --><\/div><!-- porto-sicon-box -->[\/vc_column_inner][vc_column_inner width=&#8220;1\/3&#8243;]<div class=\"porto-sicon-box  wpb_custom_1efe903570d178ff0a9b7bfa5febd3a4 style_1 top-icon\"><div class=\"porto-sicon-top\"><div class=\"porto-just-icon-wrapper porto-icon none\" style=\"color:#182867;font-size:32px;\"><i class=\"fas fa-map-marker-alt\"><\/i><\/div><\/div><div class=\"porto-sicon-header\"><h3 class=\"porto-sicon-title\" style=\"\">ideale Netzabdeckung<\/h3><\/div> <!-- header --><div class=\"porto-sicon-description\" style=\"\">Dank unserem Know-How finden wir die ideale Netzqualit\u00e4t an Ihren Standort.<\/div> <!-- description --><\/div><!-- porto-sicon-box -->[\/vc_column_inner][vc_column_inner width=&#8220;1\/3&#8243;]<div class=\"porto-sicon-box  wpb_custom_1efe903570d178ff0a9b7bfa5febd3a4 style_1 top-icon\"><div class=\"porto-sicon-top\"><div class=\"porto-just-icon-wrapper porto-icon none\" style=\"color:#182867;font-size:32px;\"><i class=\"fas fa-award\"><\/i><\/div><\/div><div class=\"porto-sicon-header\"><h3 class=\"porto-sicon-title\" style=\"\">individuell zugeschnitten<\/h3><\/div> <!-- header --><div class=\"porto-sicon-description\" style=\"\">Wir stellen Ihr Angebot individuell zusammen, sodass Sie Ihren Bedarf bestm\u00f6glich abdecken k\u00f6nnen.<\/div> <!-- description --><\/div><!-- porto-sicon-box -->[\/vc_column_inner][\/vc_row_inner][\/vc_column][\/vc_row]<\/p>\n<\/div>","protected":false},"excerpt":{"rendered":"<p>[vc_row el_class=&#8220;pt-3 mt-4&#8243;][vc_column][vc_row_inner wrap_container=&#8220;yes&#8220; el_class=&#8220;m-b-lg pb-2&#8243;][vc_column_inner offset=&#8220;vc_col-md-7&#8243;][vc_column_text] Auch Vertr\u00e4ge k\u00f6nnen in die Jahre kommen. [\/vc_column_text][vc_column_text] Veraltete Vertr\u00e4ge sind oftmals kostentreibende Faktoren in Ihrer privaten Buchhaltung. Diese Tarife gilt es in regelm\u00e4\u00dfigen Abst\u00e4nden zu \u00fcberpr\u00fcfen und zeitgem\u00e4\u00df anzupassen. Dabei geht es um Datenvolumen, Vertragskosten, Zusatzgeb\u00fchren und vielem mehr. Nicht nur alte Vertr\u00e4ge k\u00f6nnen falsch konfiguriert sein. [&hellip;]<\/p>\n","protected":false},"author":1,"featured_media":0,"parent":0,"menu_order":0,"comment_status":"closed","ping_status":"closed","template":"","meta":{"footnotes":""},"class_list":["post-29","page","type-page","status-publish","hentry"],"yoast_head":"<!-- This site is optimized with the Yoast SEO plugin v27.4 - https:\/\/yoast.com\/product\/yoast-seo-wordpress\/ -->\n<title>Tarifoptimierung - web@mobile<\/title>\n<meta name=\"description\" content=\"Kostenlose Tarifoptimierung \u2013 jetzt anfragen! \u2713 Pr\u00fcfung der Angebote diverser Anbieter \u2713 individuelles Angebot f\u00fcr Mobilfunk, Internet &amp; Festnetz\" \/>\n<meta name=\"robots\" content=\"index, follow, max-snippet:-1, max-image-preview:large, max-video-preview:-1\" \/>\n<link rel=\"canonical\" href=\"https:\/\/webatmobile.de\/index.php\/tarifoptimierung\/\" \/>\n<meta property=\"og:locale\" content=\"de_DE\" \/>\n<meta property=\"og:type\" content=\"article\" \/>\n<meta property=\"og:title\" content=\"Tarifoptimierung - web@mobile\" \/>\n<meta property=\"og:description\" content=\"Kostenlose Tarifoptimierung \u2013 jetzt anfragen! \u2713 Pr\u00fcfung der Angebote diverser Anbieter \u2713 individuelles Angebot f\u00fcr Mobilfunk, Internet &amp; Festnetz\" \/>\n<meta property=\"og:url\" content=\"https:\/\/webatmobile.de\/index.php\/tarifoptimierung\/\" \/>\n<meta property=\"og:site_name\" content=\"web@mobile\" \/>\n<meta property=\"article:modified_time\" content=\"2021-07-26T12:14:27+00:00\" \/>\n<meta name=\"twitter:card\" content=\"summary_large_image\" \/>\n<meta name=\"twitter:label1\" content=\"Gesch\u00e4tzte Lesezeit\" \/>\n\t<meta name=\"twitter:data1\" content=\"2\u00a0Minuten\" \/>\n<script type=\"application\/ld+json\" class=\"yoast-schema-graph\">{\"@context\":\"https:\\\/\\\/schema.org\",\"@graph\":[{\"@type\":\"WebPage\",\"@id\":\"https:\\\/\\\/webatmobile.de\\\/index.php\\\/tarifoptimierung\\\/\",\"url\":\"https:\\\/\\\/webatmobile.de\\\/index.php\\\/tarifoptimierung\\\/\",\"name\":\"Tarifoptimierung - web@mobile\",\"isPartOf\":{\"@id\":\"https:\\\/\\\/webatmobile.de\\\/#website\"},\"datePublished\":\"2021-02-10T02:38:51+00:00\",\"dateModified\":\"2021-07-26T12:14:27+00:00\",\"description\":\"Kostenlose Tarifoptimierung \u2013 jetzt anfragen! \u2713 Pr\u00fcfung der Angebote diverser Anbieter \u2713 individuelles Angebot f\u00fcr Mobilfunk, Internet & Festnetz\",\"breadcrumb\":{\"@id\":\"https:\\\/\\\/webatmobile.de\\\/index.php\\\/tarifoptimierung\\\/#breadcrumb\"},\"inLanguage\":\"de\",\"potentialAction\":[{\"@type\":\"ReadAction\",\"target\":[\"https:\\\/\\\/webatmobile.de\\\/index.php\\\/tarifoptimierung\\\/\"]}]},{\"@type\":\"BreadcrumbList\",\"@id\":\"https:\\\/\\\/webatmobile.de\\\/index.php\\\/tarifoptimierung\\\/#breadcrumb\",\"itemListElement\":[{\"@type\":\"ListItem\",\"position\":1,\"name\":\"Startseite\",\"item\":\"https:\\\/\\\/webatmobile.de\\\/\"},{\"@type\":\"ListItem\",\"position\":2,\"name\":\"Tarifoptimierung\"}]},{\"@type\":\"WebSite\",\"@id\":\"https:\\\/\\\/webatmobile.de\\\/#website\",\"url\":\"https:\\\/\\\/webatmobile.de\\\/\",\"name\":\"web@mobile\",\"description\":\"Smartphone &amp; Tablets | Festnetz &amp; DSL | Handyreparatur\",\"potentialAction\":[{\"@type\":\"SearchAction\",\"target\":{\"@type\":\"EntryPoint\",\"urlTemplate\":\"https:\\\/\\\/webatmobile.de\\\/?s={search_term_string}\"},\"query-input\":{\"@type\":\"PropertyValueSpecification\",\"valueRequired\":true,\"valueName\":\"search_term_string\"}}],\"inLanguage\":\"de\"}]}<\/script>\n<!-- \/ Yoast SEO plugin. -->","yoast_head_json":{"title":"Tarifoptimierung - web@mobile","description":"Kostenlose Tarifoptimierung \u2013 jetzt anfragen! \u2713 Pr\u00fcfung der Angebote diverser Anbieter \u2713 individuelles Angebot f\u00fcr Mobilfunk, Internet & Festnetz","robots":{"index":"index","follow":"follow","max-snippet":"max-snippet:-1","max-image-preview":"max-image-preview:large","max-video-preview":"max-video-preview:-1"},"canonical":"https:\/\/webatmobile.de\/index.php\/tarifoptimierung\/","og_locale":"de_DE","og_type":"article","og_title":"Tarifoptimierung - web@mobile","og_description":"Kostenlose Tarifoptimierung \u2013 jetzt anfragen! \u2713 Pr\u00fcfung der Angebote diverser Anbieter \u2713 individuelles Angebot f\u00fcr Mobilfunk, Internet & Festnetz","og_url":"https:\/\/webatmobile.de\/index.php\/tarifoptimierung\/","og_site_name":"web@mobile","article_modified_time":"2021-07-26T12:14:27+00:00","twitter_card":"summary_large_image","twitter_misc":{"Gesch\u00e4tzte Lesezeit":"2\u00a0Minuten"},"schema":{"@context":"https:\/\/schema.org","@graph":[{"@type":"WebPage","@id":"https:\/\/webatmobile.de\/index.php\/tarifoptimierung\/","url":"https:\/\/webatmobile.de\/index.php\/tarifoptimierung\/","name":"Tarifoptimierung - web@mobile","isPartOf":{"@id":"https:\/\/webatmobile.de\/#website"},"datePublished":"2021-02-10T02:38:51+00:00","dateModified":"2021-07-26T12:14:27+00:00","description":"Kostenlose Tarifoptimierung \u2013 jetzt anfragen! \u2713 Pr\u00fcfung der Angebote diverser Anbieter \u2713 individuelles Angebot f\u00fcr Mobilfunk, Internet & Festnetz","breadcrumb":{"@id":"https:\/\/webatmobile.de\/index.php\/tarifoptimierung\/#breadcrumb"},"inLanguage":"de","potentialAction":[{"@type":"ReadAction","target":["https:\/\/webatmobile.de\/index.php\/tarifoptimierung\/"]}]},{"@type":"BreadcrumbList","@id":"https:\/\/webatmobile.de\/index.php\/tarifoptimierung\/#breadcrumb","itemListElement":[{"@type":"ListItem","position":1,"name":"Startseite","item":"https:\/\/webatmobile.de\/"},{"@type":"ListItem","position":2,"name":"Tarifoptimierung"}]},{"@type":"WebSite","@id":"https:\/\/webatmobile.de\/#website","url":"https:\/\/webatmobile.de\/","name":"web@mobile","description":"Smartphone &amp; Tablets | Festnetz &amp; DSL | Handyreparatur","potentialAction":[{"@type":"SearchAction","target":{"@type":"EntryPoint","urlTemplate":"https:\/\/webatmobile.de\/?s={search_term_string}"},"query-input":{"@type":"PropertyValueSpecification","valueRequired":true,"valueName":"search_term_string"}}],"inLanguage":"de"}]}},"_links":{"self":[{"href":"https:\/\/webatmobile.de\/index.php\/wp-json\/wp\/v2\/pages\/29","targetHints":{"allow":["GET"]}}],"collection":[{"href":"https:\/\/webatmobile.de\/index.php\/wp-json\/wp\/v2\/pages"}],"about":[{"href":"https:\/\/webatmobile.de\/index.php\/wp-json\/wp\/v2\/types\/page"}],"author":[{"embeddable":true,"href":"https:\/\/webatmobile.de\/index.php\/wp-json\/wp\/v2\/users\/1"}],"replies":[{"embeddable":true,"href":"https:\/\/webatmobile.de\/index.php\/wp-json\/wp\/v2\/comments?post=29"}],"version-history":[{"count":13,"href":"https:\/\/webatmobile.de\/index.php\/wp-json\/wp\/v2\/pages\/29\/revisions"}],"predecessor-version":[{"id":747,"href":"https:\/\/webatmobile.de\/index.php\/wp-json\/wp\/v2\/pages\/29\/revisions\/747"}],"wp:attachment":[{"href":"https:\/\/webatmobile.de\/index.php\/wp-json\/wp\/v2\/media?parent=29"}],"curies":[{"name":"wp","href":"https:\/\/api.w.org\/{rel}","templated":true}]}}