{"id":27,"date":"2021-02-10T02:38:36","date_gmt":"2021-02-10T02:38:36","guid":{"rendered":"http:\/\/sw-themes.com\/porto_dummy\/?page_id=27"},"modified":"2024-08-29T06:51:59","modified_gmt":"2024-08-29T06:51:59","slug":"business-partner","status":"publish","type":"page","link":"https:\/\/webatmobile.de\/index.php\/business-partner\/","title":{"rendered":"Business-Partner"},"content":{"rendered":"<div class=\"wpb-content-wrapper\"><p>[vc_row el_class=&#8220;pt-3 mt-4&#8243;][vc_column][vc_row_inner wrap_container=&#8220;yes&#8220; el_class=&#8220;m-b-lg pb-2&#8243;][vc_column_inner offset=&#8220;vc_col-md-7&#8243;][vc_column_text]<\/p>\n<h2 class=\"p1\">Im Sinne der Gewerbetreibenden<\/h2>\n<p class=\"p1\">Seit Jahren begleiten wir erfolgreich diverse Unternehmen und Selbst\u00e4ndige und bieten den idealen Umfang f\u00fcr DSL, Festnetz, Mobilfunk und Hardware. Ihr gro\u00dfer Vorteil ist unser breites Netzwerk in Bezug diverser Netzanbieter und DSL-Provider.<\/p>\n<p class=\"p1\">Vom Neustart bis zur stetigen Weiterentwicklung Ihrer Telekommunikation und hin zur Optimierung Ihrer Vertr\u00e4ge. <a href=\"https:\/\/webatmobile.de\/index.php\/kontakt\/\">Sprechen Sie uns unverbindlich an<\/a>.<\/p>\n<p>[\/vc_column_text]<style>.porto-info-list509071c9fada9addf9d0bbe0e1201533 i { font-size: 20px; }<\/style><ul class=\"porto-info-list  porto-info-list509071c9fada9addf9d0bbe0e1201533 wpb_custom_f3a3a057e6951a437c184240f6daa600\"><li class=\"porto-info-list-item  wpb_custom_eade0171093a7591372ccf9372738e3d\"><i class=\"porto-info-icon fas fa-check\"><\/i><div class=\"porto-info-list-item-desc\">\n<ul class=\"ul1\">\n<li class=\"li1\">f\u00fcr Selbst\u00e4ndige<\/li>\n<\/ul>\n<p><\/div><\/li><li class=\"porto-info-list-item  wpb_custom_eade0171093a7591372ccf9372738e3d\"><i class=\"porto-info-icon fas fa-check\"><\/i><div class=\"porto-info-list-item-desc\">\n<ul class=\"ul1\">\n<li class=\"li1\">f\u00fcr Kleinunternehmen<\/li>\n<\/ul>\n<p><\/div><\/li><li class=\"porto-info-list-item  wpb_custom_eade0171093a7591372ccf9372738e3d\"><i class=\"porto-info-icon fas fa-check\"><\/i><div class=\"porto-info-list-item-desc\">\n<ul class=\"ul1\">\n<li class=\"li1\">f\u00fcr mittelst\u00e4ndische Unternehmen<\/li>\n<\/ul>\n<p><\/div><\/li><\/ul>[\/vc_column_inner][vc_column_inner el_class=&#8220;ml-auto pt-4 pt-5 pt-lg-4 pb-5&#8243; width=&#8220;5\/6&#8243; offset=&#8220;vc_col-md-4 vc_col-xs-10&#8243;][vc_single_image image=&#8220;784&#8243; img_size=&#8220;full&#8220;][\/vc_column_inner][\/vc_row_inner][\/vc_column][\/vc_row][vc_row wrap_container=&#8220;yes&#8220; css=&#8220;.vc_custom_1627294149931{margin-top: 2% !important;margin-bottom: 1% !important;padding-top: 3% !important;padding-right: 3% !important;padding-bottom: 3% !important;padding-left: 3% !important;background-color: #e41c19 !important;}&#8220;][vc_column][vc_column_text]<\/p>\n<h2 class=\"p1\" style=\"text-align: center; font-size: 40px; color: #ffffff;\">Lassen Sie sich individuell beraten<\/h2>\n<p class=\"p1\" style=\"text-align: center; color: #ffffff; font-size: 25px;\">\u00dcberzeugen Sie sich selbst von unserem Business-Partner Angebot!<\/p>\n<p>[\/vc_column_text][vc_row_inner][vc_column_inner width=&#8220;1\/4&#8243;][\/vc_column_inner][vc_column_inner width=&#8220;1\/4&#8243;]<div class=\"porto-btn-ctn-center \"><a class=\"porto-btn porto-adjust-bottom-margin porto-btn-normal porto-btn-no-hover-bg   wpb_custom_fa51088c2567b780100c1edcf8821d3b  porto-btn-center \"  rel='' href = \"tel:+4942211238080\"  data-hover=\"\" data-border-color=\"\" data-bg=\"#ffffff\" data-hover-bg=\"\" data-border-hover=\"\" data-shadow-click=\"none\" data-shadow=\"\" style=\"border:none;background: #ffffff;color: #000000;\"><span class=\"porto-btn-hover\"><\/span><span class=\"porto-btn-data porto-btn-text \" >Jetzt anrufen<\/span><\/a><\/div>[\/vc_column_inner][vc_column_inner width=&#8220;1\/4&#8243;]<div class=\"porto-btn-ctn-center \"><a class=\"porto-btn porto-adjust-bottom-margin porto-btn-normal porto-btn-no-hover-bg   wpb_custom_fa51088c2567b780100c1edcf8821d3b  porto-btn-center \"  rel='' href = \"mailto:info@webatmobile.de\"  data-hover=\"\" data-border-color=\"\" data-bg=\"#ffffff\" data-hover-bg=\"\" data-border-hover=\"\" data-shadow-click=\"none\" data-shadow=\"\" style=\"border:none;background: #ffffff;color: #000000;\"><span class=\"porto-btn-hover\"><\/span><span class=\"porto-btn-data porto-btn-text \" >E-Mail senden<\/span><\/a><\/div>[\/vc_column_inner][vc_column_inner width=&#8220;1\/4&#8243;][\/vc_column_inner][\/vc_row_inner][\/vc_column][\/vc_row][vc_row css=&#8220;.vc_custom_1627303519107{margin-top: 2% !important;}&#8220;][vc_column][vc_column_text]<\/p>\n<h2 style=\"text-align: center;\">Unser umfangreiches Angebot f\u00fcr Business-Partner<\/h2>\n<p>[\/vc_column_text][\/vc_column][\/vc_row][vc_row wrap_container=&#8220;yes&#8220; css=&#8220;.vc_custom_1627294372241{margin-top: 3% !important;}&#8220;][vc_column width=&#8220;1\/4&#8243;]<div class=\"porto-feature-box wpb_content_element \"><div class=\"feature-box feature-box-style-1\"><div class=\"feature-box-info p-none\"><div class=\"porto-sicon-box  wpb_custom_1efe903570d178ff0a9b7bfa5febd3a4 style_1 top-icon\"><div class=\"porto-sicon-top\"><div class=\"porto-just-icon-wrapper porto-icon none\" style=\"font-size:32px;\"><i class=\"fas fa-globe\"><\/i><\/div><\/div><div class=\"porto-sicon-header\"><h3 class=\"porto-sicon-title\" style=\"\">Internet \/ DSL<\/h3><\/div> <!-- header --><\/div><!-- porto-sicon-box --><\/div><\/div><\/div>[\/vc_column][vc_column width=&#8220;1\/4&#8243;]<div class=\"porto-feature-box wpb_content_element \"><div class=\"feature-box feature-box-style-1\"><div class=\"feature-box-info p-none\"><div class=\"porto-sicon-box  wpb_custom_1efe903570d178ff0a9b7bfa5febd3a4 style_1 top-icon\"><div class=\"porto-sicon-top\"><div class=\"porto-just-icon-wrapper porto-icon none\" style=\"font-size:32px;\"><i class=\"fas fa-sim-card\"><\/i><\/div><\/div><div class=\"porto-sicon-header\"><h3 class=\"porto-sicon-title\" style=\"\">Mobilfunk<\/h3><\/div> <!-- header --><\/div><!-- porto-sicon-box --><\/div><\/div><\/div>[\/vc_column][vc_column width=&#8220;1\/4&#8243;]<div class=\"porto-feature-box wpb_content_element \"><div class=\"feature-box feature-box-style-1\"><div class=\"feature-box-info p-none\"><div class=\"porto-sicon-box  wpb_custom_1efe903570d178ff0a9b7bfa5febd3a4 style_1 top-icon\"><div class=\"porto-sicon-top\"><div class=\"porto-just-icon-wrapper porto-icon none\" style=\"font-size:32px;\"><i class=\"fas fa-phone\"><\/i><\/div><\/div><div class=\"porto-sicon-header\"><h3 class=\"porto-sicon-title\" style=\"\">Festnetz-Telefonie<\/h3><\/div> <!-- header --><\/div><!-- porto-sicon-box --><\/div><\/div><\/div>[\/vc_column][vc_column width=&#8220;1\/4&#8243;]<div class=\"porto-feature-box wpb_content_element \"><div class=\"feature-box feature-box-style-1\"><div class=\"feature-box-info p-none\"><div class=\"porto-sicon-box  wpb_custom_1efe903570d178ff0a9b7bfa5febd3a4 style_1 top-icon\"><div class=\"porto-sicon-top\"><div class=\"porto-just-icon-wrapper porto-icon none\" style=\"font-size:32px;\"><i class=\"fas fa-mobile-alt\"><\/i><\/div><\/div><div class=\"porto-sicon-header\"><h3 class=\"porto-sicon-title\" style=\"\">Smartphones &amp; Tablets<\/h3><\/div> <!-- header --><\/div><!-- porto-sicon-box --><\/div><\/div><\/div>[\/vc_column][\/vc_row][vc_row wrap_container=&#8220;yes&#8220; css=&#8220;.vc_custom_1627303654812{padding-top: 3% !important;background-color: #f9f9f9 !important;}&#8220;][vc_column width=&#8220;1\/3&#8243;][vc_column_text]<\/p>\n<h3 class=\"p1\"><span style=\"font-size: 16px;\">Tarifoptimierung<\/span><\/h3>\n<p class=\"p1\">Lassen Sie uns gemeinsam \u00fcber bestehende Vertr\u00e4ge blicken und Optimierungsans\u00e4tze ermitteln. Dieser Service ist f\u00fcr Sie kostenfrei.<\/p>\n<p>[\/vc_column_text][\/vc_column][vc_column width=&#8220;1\/3&#8243;][vc_column_text]<\/p>\n<h3 class=\"p1\"><span style=\"font-size: 16px;\">Umzugsservice<\/span><\/h3>\n<p class=\"p1\">Gerne k\u00fcmmern wir uns im Falle eines Umzugs Ihrer Anschrift um alle n\u00f6tigen Schritte, damit Sie zeitnah wieder erreichbar sind.<\/p>\n<p>[\/vc_column_text][\/vc_column][vc_column width=&#8220;1\/3&#8243;][vc_column_text]<\/p>\n<h3 class=\"p1\"><span style=\"font-size: 16px;\">Gesch\u00e4ftsgr\u00fcnder aufgepasst<\/span><\/h3>\n<p class=\"p1\">Wir begleiten Gesch\u00e4ftsgr\u00fcnder und angehende Selbst\u00e4ndige in den Gewerbebetrieb. Gemeinsam besprechen wir Ihren Bedarf und ermitteln optimale Vertragskonditionen. Freuen Sie sich auf einen kompetenten Partner, der sich um die gesamte Einrichtung k\u00fcmmert.<\/p>\n<p>[\/vc_column_text][\/vc_column][\/vc_row][vc_row wrap_container=&#8220;yes&#8220; css=&#8220;.vc_custom_1627297138354{margin-top: 2% !important;margin-bottom: 2% !important;}&#8220;][vc_column]<div class=\"porto-carousel owl-carousel has-ccols has-ccols-spacing ccols-xl-6 ccols-lg-4 ccols-md-3 ccols-sm-2 ccols-1 stage-margin wpb_custom_70a89e142ccf56dcd4c7bfc4b40db368\" data-plugin-options=\"{&quot;themeConfig&quot;:true,&quot;stagePadding&quot;:40,&quot;margin&quot;:10,&quot;autoplay&quot;:false,&quot;mouseDrag&quot;:true,&quot;touchDrag&quot;:true,&quot;autoplayTimeout&quot;:5000,&quot;autoplayHoverPause&quot;:false,&quot;items&quot;:6,&quot;xl&quot;:6,&quot;lg&quot;:4,&quot;md&quot;:3,&quot;sm&quot;:2,&quot;xs&quot;:1,&quot;nav&quot;:false,&quot;dots&quot;:&quot;yes&quot;,&quot;animateIn&quot;:&quot;&quot;,&quot;animateOut&quot;:&quot;&quot;,&quot;loop&quot;:false,&quot;center&quot;:false,&quot;video&quot;:false,&quot;lazyLoad&quot;:false,&quot;fullscreen&quot;:false}\"><div class=\"porto-feature-box wpb_content_element \"><div class=\"feature-box feature-box-style-1\"><div class=\"feature-box-info p-none\"><div class=\"porto-sicon-box  wpb_custom_1efe903570d178ff0a9b7bfa5febd3a4 style_1 default-icon\"><div class=\"porto-sicon-default\"><div class=\"porto-just-icon-wrapper porto-sicon-img  porto-icon-9f5d1cfb45d27d96b50bf473aebba227\" style=\"font-size: 48px;\"><img loading=\"lazy\" decoding=\"async\" class=\"img-icon\" alt=\"Partnerlogo vodafone\" src=\"https:\/\/webatmobile.de\/wp-content\/uploads\/2021\/07\/partner-blase-vodafone-min.png\" width=\"250\" height=\"250\" \/><\/div><\/div><div class=\"porto-sicon-header\"><h3 class=\"porto-sicon-title\" style=\"\">vodafone<\/h3><\/div> <!-- header --><\/div><!-- porto-sicon-box --><\/div><\/div><\/div><div class=\"porto-feature-box wpb_content_element \"><div class=\"feature-box feature-box-style-1\"><div class=\"feature-box-info p-none\"><div class=\"porto-sicon-box  wpb_custom_1efe903570d178ff0a9b7bfa5febd3a4 style_1 default-icon\"><div class=\"porto-sicon-default\"><div class=\"porto-just-icon-wrapper porto-sicon-img  porto-icon-9f5d1cfb45d27d96b50bf473aebba227\" style=\"font-size: 48px;\"><img loading=\"lazy\" decoding=\"async\" class=\"img-icon\" alt=\"Partnerlogo yourfone\" src=\"https:\/\/webatmobile.de\/wp-content\/uploads\/2021\/07\/partner-blase-yourfone-min.png\" width=\"250\" height=\"250\" \/><\/div><\/div><div class=\"porto-sicon-header\"><h3 class=\"porto-sicon-title\" style=\"\">yourfone<\/h3><\/div> <!-- header --><\/div><!-- porto-sicon-box --><\/div><\/div><\/div><div class=\"porto-feature-box wpb_content_element \"><div class=\"feature-box feature-box-style-1\"><div class=\"feature-box-info p-none\"><div class=\"porto-sicon-box  wpb_custom_1efe903570d178ff0a9b7bfa5febd3a4 style_1 default-icon\"><div class=\"porto-sicon-default\"><div class=\"porto-just-icon-wrapper porto-sicon-img  porto-icon-9f5d1cfb45d27d96b50bf473aebba227\" style=\"font-size: 48px;\"><img loading=\"lazy\" decoding=\"async\" class=\"img-icon\" alt=\"Partnerlogo otelo\" src=\"https:\/\/webatmobile.de\/wp-content\/uploads\/2021\/07\/partner-blase-otelo-min.png\" width=\"250\" height=\"250\" \/><\/div><\/div><div class=\"porto-sicon-header\"><h3 class=\"porto-sicon-title\" style=\"\">otelo<\/h3><\/div> <!-- header --><\/div><!-- porto-sicon-box --><\/div><\/div><\/div><div class=\"porto-feature-box wpb_content_element \"><div class=\"feature-box feature-box-style-1\"><div class=\"feature-box-info p-none\"><div class=\"porto-sicon-box  wpb_custom_1efe903570d178ff0a9b7bfa5febd3a4 style_1 default-icon\"><div class=\"porto-sicon-default\"><div class=\"porto-just-icon-wrapper porto-sicon-img  porto-icon-9f5d1cfb45d27d96b50bf473aebba227\" style=\"font-size: 48px;\"><img loading=\"lazy\" decoding=\"async\" class=\"img-icon\" alt=\"Partnerlogo O2\" src=\"https:\/\/webatmobile.de\/wp-content\/uploads\/2021\/07\/partner-blase-o2-min.png\" width=\"250\" height=\"250\" \/><\/div><\/div><div class=\"porto-sicon-header\"><h3 class=\"porto-sicon-title\" style=\"\">O2<\/h3><\/div> <!-- header --><\/div><!-- porto-sicon-box --><\/div><\/div><\/div><div class=\"porto-feature-box wpb_content_element \"><div class=\"feature-box feature-box-style-1\"><div class=\"feature-box-info p-none\"><div class=\"porto-sicon-box  wpb_custom_1efe903570d178ff0a9b7bfa5febd3a4 style_1 default-icon\"><div class=\"porto-sicon-default\"><div class=\"porto-just-icon-wrapper porto-sicon-img  porto-icon-9f5d1cfb45d27d96b50bf473aebba227\" style=\"font-size: 48px;\"><img loading=\"lazy\" decoding=\"async\" class=\"img-icon\" alt=\"Partnerlogo Blau\" src=\"https:\/\/webatmobile.de\/wp-content\/uploads\/2021\/07\/partner-blase-blau-min.png\" width=\"250\" height=\"250\" \/><\/div><\/div><div class=\"porto-sicon-header\"><h3 class=\"porto-sicon-title\" style=\"\">Blau<\/h3><\/div> <!-- header --><\/div><!-- porto-sicon-box --><\/div><\/div><\/div><div class=\"porto-feature-box wpb_content_element \"><div class=\"feature-box feature-box-style-1\"><div class=\"feature-box-info p-none\"><div class=\"porto-sicon-box  wpb_custom_1efe903570d178ff0a9b7bfa5febd3a4 style_1 default-icon\"><div class=\"porto-sicon-default\"><div class=\"porto-just-icon-wrapper porto-sicon-img  porto-icon-9f5d1cfb45d27d96b50bf473aebba227\" style=\"font-size: 48px;\"><img loading=\"lazy\" decoding=\"async\" class=\"img-icon\" alt=\"Partnerlogo 1&amp;1\" src=\"https:\/\/webatmobile.de\/wp-content\/uploads\/2021\/07\/partner-blase-1und1-min.png\" width=\"250\" height=\"250\" \/><\/div><\/div><div class=\"porto-sicon-header\"><h3 class=\"porto-sicon-title\" style=\"\">1&amp;1<\/h3><\/div> <!-- header --><\/div><!-- porto-sicon-box --><\/div><\/div><\/div><div class=\"porto-feature-box wpb_content_element \"><div class=\"feature-box feature-box-style-1\"><div class=\"feature-box-info p-none\"><div class=\"porto-sicon-box  wpb_custom_1efe903570d178ff0a9b7bfa5febd3a4 style_1 default-icon\"><div class=\"porto-sicon-default\"><div class=\"porto-just-icon-wrapper porto-sicon-img  porto-icon-9f5d1cfb45d27d96b50bf473aebba227\" style=\"font-size: 48px;\"><img loading=\"lazy\" decoding=\"async\" class=\"img-icon\" alt=\"Partnerlogo aetka SMART\" src=\"https:\/\/webatmobile.de\/wp-content\/uploads\/2021\/07\/partner-blase-aetkasmart-min.png\" width=\"250\" height=\"250\" \/><\/div><\/div><div class=\"porto-sicon-header\"><h3 class=\"porto-sicon-title\" style=\"\">aetka SMART<\/h3><\/div> <!-- header --><\/div><!-- porto-sicon-box --><\/div><\/div><\/div><div class=\"porto-feature-box wpb_content_element \"><div class=\"feature-box feature-box-style-1\"><div class=\"feature-box-info p-none\"><div class=\"porto-sicon-box  wpb_custom_1efe903570d178ff0a9b7bfa5febd3a4 style_1 default-icon\"><div class=\"porto-sicon-default\"><div class=\"porto-just-icon-wrapper porto-sicon-img  porto-icon-9f5d1cfb45d27d96b50bf473aebba227\" style=\"font-size: 48px;\"><img loading=\"lazy\" decoding=\"async\" class=\"img-icon\" alt=\"Partnerlogo Deutsche Glasfaser\" src=\"https:\/\/webatmobile.de\/wp-content\/uploads\/2024\/08\/2024-08_Partnerlogos_Deutsche_Glasfaser.png\" width=\"250\" height=\"250\" \/><\/div><\/div><div class=\"porto-sicon-header\"><h3 class=\"porto-sicon-title\" style=\"\">Deutsche Glasfaser<\/h3><\/div> <!-- header --><\/div><!-- porto-sicon-box --><\/div><\/div><\/div><div class=\"porto-feature-box wpb_content_element \"><div class=\"feature-box feature-box-style-1\"><div class=\"feature-box-info p-none\"><div class=\"porto-sicon-box  wpb_custom_1efe903570d178ff0a9b7bfa5febd3a4 style_1 default-icon\"><div class=\"porto-sicon-default\"><div class=\"porto-just-icon-wrapper porto-sicon-img  porto-icon-9f5d1cfb45d27d96b50bf473aebba227\" style=\"font-size: 48px;\"><img loading=\"lazy\" decoding=\"async\" class=\"img-icon\" alt=\"Partnerlogo freenet\" src=\"https:\/\/webatmobile.de\/wp-content\/uploads\/2024\/08\/2024-08_Partnerlogos_Freenet.png\" width=\"250\" height=\"250\" \/><\/div><\/div><div class=\"porto-sicon-header\"><h3 class=\"porto-sicon-title\" style=\"\">freenet<\/h3><\/div> <!-- header --><\/div><!-- porto-sicon-box --><\/div><\/div><\/div><\/div>[\/vc_column][\/vc_row][vc_row wrap_container=&#8220;yes&#8220;][vc_column][vc_gmaps link=&#8220;#E-8_JTNDaWZyYW1lJTIwc3JjJTNEJTIyaHR0cHMlM0ElMkYlMkZ3d3cuZ29vZ2xlLmNvbSUyRm1hcHMlMkZlbWJlZCUzRnBiJTNEJTIxMW0xNCUyMTFtOCUyMTFtMyUyMTFkOTU5MS44OTYwNDY0MjM2OTMlMjEyZDguNjMxMzM3NyUyMTNkNTMuMDU2Nzc0NCUyMTNtMiUyMTFpMTAyNCUyMTJpNzY4JTIxNGYxMy4xJTIxM20zJTIxMW0yJTIxMXMweDAlMjUzQTB4MzJlZDFhMzBhYTNhNzFjNiUyMTJzV2ViJTI1NDBNb2JpbGUlMjE1ZTAlMjEzbTIlMjExc2RlJTIxMnNkZSUyMTR2MTYyNzI4OTcxNzkzMCUyMTVtMiUyMTFzZGUlMjEyc2RlJTIyJTIwd2lkdGglM0QlMjI2MDAlMjIlMjBoZWlnaHQlM0QlMjI0NTAlMjIlMjBzdHlsZSUzRCUyMmJvcmRlciUzQTAlM0IlMjIlMjBhbGxvd2Z1bGxzY3JlZW4lM0QlMjIlMjIlMjBsb2FkaW5nJTNEJTIybGF6eSUyMiUzRSUzQyUyRmlmcmFtZSUzRQ==&#8220; size=&#8220;300px&#8220;][\/vc_column][\/vc_row]<\/p>\n<\/div>","protected":false},"excerpt":{"rendered":"<p>[vc_row el_class=&#8220;pt-3 mt-4&#8243;][vc_column][vc_row_inner wrap_container=&#8220;yes&#8220; el_class=&#8220;m-b-lg pb-2&#8243;][vc_column_inner offset=&#8220;vc_col-md-7&#8243;][vc_column_text] Im Sinne der Gewerbetreibenden Seit Jahren begleiten wir erfolgreich diverse Unternehmen und Selbst\u00e4ndige und bieten den idealen Umfang f\u00fcr DSL, Festnetz, Mobilfunk und Hardware. Ihr gro\u00dfer Vorteil ist unser breites Netzwerk in Bezug diverser Netzanbieter und DSL-Provider. Vom Neustart bis zur stetigen Weiterentwicklung Ihrer Telekommunikation und hin zur [&hellip;]<\/p>\n","protected":false},"author":1,"featured_media":0,"parent":0,"menu_order":0,"comment_status":"closed","ping_status":"closed","template":"","meta":{"footnotes":""},"class_list":["post-27","page","type-page","status-publish","hentry"],"yoast_head":"<!-- This site is optimized with the Yoast SEO plugin v27.4 - https:\/\/yoast.com\/product\/yoast-seo-wordpress\/ -->\n<title>Business-Partner - web@mobile<\/title>\n<meta name=\"description\" content=\"Kommunikation Business-Partner f\u00fcr Selbstst\u00e4ndige bis zum Mittelstand. \u2713 Internet \/ DSL \u2713 Mobilfunk \u2713 Festnetz-Telefonie \u2713 Smartphones &amp; Tablets\" \/>\n<meta name=\"robots\" content=\"index, follow, max-snippet:-1, max-image-preview:large, max-video-preview:-1\" \/>\n<link rel=\"canonical\" href=\"https:\/\/webatmobile.de\/index.php\/business-partner\/\" \/>\n<meta property=\"og:locale\" content=\"de_DE\" \/>\n<meta property=\"og:type\" content=\"article\" \/>\n<meta property=\"og:title\" content=\"Business-Partner - web@mobile\" \/>\n<meta property=\"og:description\" content=\"Kommunikation Business-Partner f\u00fcr Selbstst\u00e4ndige bis zum Mittelstand. \u2713 Internet \/ DSL \u2713 Mobilfunk \u2713 Festnetz-Telefonie \u2713 Smartphones &amp; Tablets\" \/>\n<meta property=\"og:url\" content=\"https:\/\/webatmobile.de\/index.php\/business-partner\/\" \/>\n<meta property=\"og:site_name\" content=\"web@mobile\" \/>\n<meta property=\"article:modified_time\" content=\"2024-08-29T06:51:59+00:00\" \/>\n<meta name=\"twitter:card\" content=\"summary_large_image\" \/>\n<meta name=\"twitter:label1\" content=\"Gesch\u00e4tzte Lesezeit\" \/>\n\t<meta name=\"twitter:data1\" content=\"2\u00a0Minuten\" \/>\n<script type=\"application\/ld+json\" class=\"yoast-schema-graph\">{\"@context\":\"https:\\\/\\\/schema.org\",\"@graph\":[{\"@type\":\"WebPage\",\"@id\":\"https:\\\/\\\/webatmobile.de\\\/index.php\\\/business-partner\\\/\",\"url\":\"https:\\\/\\\/webatmobile.de\\\/index.php\\\/business-partner\\\/\",\"name\":\"Business-Partner - web@mobile\",\"isPartOf\":{\"@id\":\"https:\\\/\\\/webatmobile.de\\\/#website\"},\"datePublished\":\"2021-02-10T02:38:36+00:00\",\"dateModified\":\"2024-08-29T06:51:59+00:00\",\"description\":\"Kommunikation Business-Partner f\u00fcr Selbstst\u00e4ndige bis zum Mittelstand. \u2713 Internet \\\/ DSL \u2713 Mobilfunk \u2713 Festnetz-Telefonie \u2713 Smartphones & Tablets\",\"breadcrumb\":{\"@id\":\"https:\\\/\\\/webatmobile.de\\\/index.php\\\/business-partner\\\/#breadcrumb\"},\"inLanguage\":\"de\",\"potentialAction\":[{\"@type\":\"ReadAction\",\"target\":[\"https:\\\/\\\/webatmobile.de\\\/index.php\\\/business-partner\\\/\"]}]},{\"@type\":\"BreadcrumbList\",\"@id\":\"https:\\\/\\\/webatmobile.de\\\/index.php\\\/business-partner\\\/#breadcrumb\",\"itemListElement\":[{\"@type\":\"ListItem\",\"position\":1,\"name\":\"Startseite\",\"item\":\"https:\\\/\\\/webatmobile.de\\\/\"},{\"@type\":\"ListItem\",\"position\":2,\"name\":\"Business-Partner\"}]},{\"@type\":\"WebSite\",\"@id\":\"https:\\\/\\\/webatmobile.de\\\/#website\",\"url\":\"https:\\\/\\\/webatmobile.de\\\/\",\"name\":\"web@mobile\",\"description\":\"Smartphone &amp; Tablets | Festnetz &amp; DSL | Handyreparatur\",\"potentialAction\":[{\"@type\":\"SearchAction\",\"target\":{\"@type\":\"EntryPoint\",\"urlTemplate\":\"https:\\\/\\\/webatmobile.de\\\/?s={search_term_string}\"},\"query-input\":{\"@type\":\"PropertyValueSpecification\",\"valueRequired\":true,\"valueName\":\"search_term_string\"}}],\"inLanguage\":\"de\"}]}<\/script>\n<!-- \/ Yoast SEO plugin. -->","yoast_head_json":{"title":"Business-Partner - web@mobile","description":"Kommunikation Business-Partner f\u00fcr Selbstst\u00e4ndige bis zum Mittelstand. \u2713 Internet \/ DSL \u2713 Mobilfunk \u2713 Festnetz-Telefonie \u2713 Smartphones & Tablets","robots":{"index":"index","follow":"follow","max-snippet":"max-snippet:-1","max-image-preview":"max-image-preview:large","max-video-preview":"max-video-preview:-1"},"canonical":"https:\/\/webatmobile.de\/index.php\/business-partner\/","og_locale":"de_DE","og_type":"article","og_title":"Business-Partner - web@mobile","og_description":"Kommunikation Business-Partner f\u00fcr Selbstst\u00e4ndige bis zum Mittelstand. \u2713 Internet \/ DSL \u2713 Mobilfunk \u2713 Festnetz-Telefonie \u2713 Smartphones & Tablets","og_url":"https:\/\/webatmobile.de\/index.php\/business-partner\/","og_site_name":"web@mobile","article_modified_time":"2024-08-29T06:51:59+00:00","twitter_card":"summary_large_image","twitter_misc":{"Gesch\u00e4tzte Lesezeit":"2\u00a0Minuten"},"schema":{"@context":"https:\/\/schema.org","@graph":[{"@type":"WebPage","@id":"https:\/\/webatmobile.de\/index.php\/business-partner\/","url":"https:\/\/webatmobile.de\/index.php\/business-partner\/","name":"Business-Partner - web@mobile","isPartOf":{"@id":"https:\/\/webatmobile.de\/#website"},"datePublished":"2021-02-10T02:38:36+00:00","dateModified":"2024-08-29T06:51:59+00:00","description":"Kommunikation Business-Partner f\u00fcr Selbstst\u00e4ndige bis zum Mittelstand. \u2713 Internet \/ DSL \u2713 Mobilfunk \u2713 Festnetz-Telefonie \u2713 Smartphones & Tablets","breadcrumb":{"@id":"https:\/\/webatmobile.de\/index.php\/business-partner\/#breadcrumb"},"inLanguage":"de","potentialAction":[{"@type":"ReadAction","target":["https:\/\/webatmobile.de\/index.php\/business-partner\/"]}]},{"@type":"BreadcrumbList","@id":"https:\/\/webatmobile.de\/index.php\/business-partner\/#breadcrumb","itemListElement":[{"@type":"ListItem","position":1,"name":"Startseite","item":"https:\/\/webatmobile.de\/"},{"@type":"ListItem","position":2,"name":"Business-Partner"}]},{"@type":"WebSite","@id":"https:\/\/webatmobile.de\/#website","url":"https:\/\/webatmobile.de\/","name":"web@mobile","description":"Smartphone &amp; Tablets | Festnetz &amp; DSL | Handyreparatur","potentialAction":[{"@type":"SearchAction","target":{"@type":"EntryPoint","urlTemplate":"https:\/\/webatmobile.de\/?s={search_term_string}"},"query-input":{"@type":"PropertyValueSpecification","valueRequired":true,"valueName":"search_term_string"}}],"inLanguage":"de"}]}},"_links":{"self":[{"href":"https:\/\/webatmobile.de\/index.php\/wp-json\/wp\/v2\/pages\/27","targetHints":{"allow":["GET"]}}],"collection":[{"href":"https:\/\/webatmobile.de\/index.php\/wp-json\/wp\/v2\/pages"}],"about":[{"href":"https:\/\/webatmobile.de\/index.php\/wp-json\/wp\/v2\/types\/page"}],"author":[{"embeddable":true,"href":"https:\/\/webatmobile.de\/index.php\/wp-json\/wp\/v2\/users\/1"}],"replies":[{"embeddable":true,"href":"https:\/\/webatmobile.de\/index.php\/wp-json\/wp\/v2\/comments?post=27"}],"version-history":[{"count":7,"href":"https:\/\/webatmobile.de\/index.php\/wp-json\/wp\/v2\/pages\/27\/revisions"}],"predecessor-version":[{"id":1037,"href":"https:\/\/webatmobile.de\/index.php\/wp-json\/wp\/v2\/pages\/27\/revisions\/1037"}],"wp:attachment":[{"href":"https:\/\/webatmobile.de\/index.php\/wp-json\/wp\/v2\/media?parent=27"}],"curies":[{"name":"wp","href":"https:\/\/api.w.org\/{rel}","templated":true}]}}