{"id":21,"date":"2021-02-10T02:37:32","date_gmt":"2021-02-10T02:37:32","guid":{"rendered":"http:\/\/sw-themes.com\/porto_dummy\/?page_id=21"},"modified":"2021-07-29T08:46:44","modified_gmt":"2021-07-29T08:46:44","slug":"handyreparatur","status":"publish","type":"page","link":"https:\/\/webatmobile.de\/index.php\/handyreparatur\/","title":{"rendered":"Handyreparatur"},"content":{"rendered":"<div class=\"wpb-content-wrapper\"><p>[vc_row el_class=&#8220;pt-3 mt-4&#8243;][vc_column][vc_row_inner wrap_container=&#8220;yes&#8220; el_class=&#8220;m-b-lg pb-2&#8243;][vc_column_inner offset=&#8220;vc_col-md-7&#8243;][vc_custom_heading text=&#8220;Wir retten Ihr Handy!&#8220; use_theme_fonts=&#8220;yes&#8220;][vc_custom_heading text=&#8220;Displaysch\u00e4den sind die wohl h\u00e4ufigsten Sch\u00e4den an Smartphones. Das Handy rutscht aus der Hand und f\u00e4llt ungl\u00fccklich, wobei das Display zerspringt. Wir retten Ihr Mobiltelefon!<\/p>\n<p>Doch nicht nur das Display kann ein Reparaturfall werden. Neben dem Tausch des Akkus bieten wir auch den Schutz des Displays an, um Sch\u00e4den vorzubeugen.&#8220; font_container=&#8220;tag:p|text_align:left&#8220; use_theme_fonts=&#8220;yes&#8220;][vc_custom_heading text=&#8220;Bei fr\u00fchzeitiger \u00dcbergabe Ihres Handys k\u00f6nnen oftmals Akku und Displayreparaturen noch am selben Tag abgeschlossen werden.&#8220; font_container=&#8220;tag:p|text_align:left&#8220; use_theme_fonts=&#8220;yes&#8220;]<ul class=\"porto-info-list  porto-info-listd751713988987e9331980363e24189ce wpb_custom_2470fd4f9162ce1f73c94a8a2b72b3bf\"><li class=\"porto-info-list-item  wpb_custom_eade0171093a7591372ccf9372738e3d\"><i class=\"porto-info-icon fas fa-check\"><\/i><div class=\"porto-info-list-item-desc\"><strong>Alle Marken<\/strong><br \/>\nWir k\u00f6nnen alle Smartphone-Marken reparieren<\/div><\/li><li class=\"porto-info-list-item  wpb_custom_eade0171093a7591372ccf9372738e3d\"><i class=\"porto-info-icon fas fa-check\"><\/i><div class=\"porto-info-list-item-desc\"><strong>Garantief\u00e4lle<\/strong><br \/>\nAls Fachpartner bieten wir auch die Bearbeitung im Rahmen der Garantie<\/div><\/li><li class=\"porto-info-list-item  wpb_custom_eade0171093a7591372ccf9372738e3d\"><i class=\"porto-info-icon fas fa-check\"><\/i><div class=\"porto-info-list-item-desc\"><strong>Versicherungsf\u00e4lle<\/strong><br \/>\nAuch Sch\u00e4den, die mit Versicherungen abgewickelt werden, k\u00f6nnen wir erledigen<\/div><\/li><\/ul>[\/vc_column_inner][vc_column_inner el_class=&#8220;ml-auto pt-4 pt-5 pt-lg-4 pb-5&#8243; width=&#8220;5\/6&#8243; offset=&#8220;vc_col-md-4 vc_col-xs-10&#8243;][vc_single_image image=&#8220;686&#8243; img_size=&#8220;full&#8220; animation_delay=&#8220;200&#8243; el_class=&#8220;p-0 mt-5 mb-5 custom-generic-pos-1 custom-box-shadow-3&#8243; animation_type=&#8220;fadeIn&#8220;][vc_single_image image=&#8220;685&#8243; img_size=&#8220;full&#8220; animation_delay=&#8220;500&#8243; el_class=&#8220;custom-generic-pos-2 custom-box-shadow-3&#8243; animation_type=&#8220;fadeIn&#8220;][\/vc_column_inner][\/vc_row_inner][vc_row_inner disable_element=&#8220;yes&#8220; wrap_container=&#8220;yes&#8220; el_class=&#8220;mt-1 pb-4 mb-5&#8243;][vc_column_inner offset=&#8220;vc_col-md-6&#8243;][vc_custom_heading text=&#8220;Skills That Make a Meaningful Difference for Your Business&#8220; font_container=&#8220;tag:h2|font_size:35px|text_align:left|line_height:1.3&#8243; use_theme_fonts=&#8220;yes&#8220; font_weight=&#8220;600&#8243; letter_spacing=&#8220;-0.05em&#8220; el_class=&#8220;mb-4&#8243;][vc_custom_heading text=&#8220;Cras a elit sit amet leo accumsan volutpat. Suspendisse hendreriast ehicula leo, vel efficitur felis ultrices non. Cras a elit sit amet leo.&#8220; font_container=&#8220;tag:p|font_size:15.4px|text_align:left&#8220; use_theme_fonts=&#8220;yes&#8220; el_class=&#8220;pb-3 mb-4&#8243;][\/vc_column_inner][vc_column_inner offset=&#8220;vc_col-md-6&#8243;][vc_progress_bar values=&#8220;%5B%7B%22label%22%3A%22STRATEGY%20ACCELERATION%22%2C%22value%22%3A%2290%22%7D%2C%7B%22label%22%3A%22REVENUE%20GROWTH%22%2C%22value%22%3A%2280%22%7D%2C%7B%22label%22%3A%22FIREWALK%20SALES%22%2C%22value%22%3A%2250%22%7D%5D&#8220; bgcolor=&#8220;custom&#8220; tooltip=&#8220;&#8220; size=&#8220;sm&#8220; units=&#8220;%&#8220; custombgcolor=&#8220;#f04c23&#8243; el_class=&#8220;mb-4&#8243;][\/vc_column_inner][\/vc_row_inner][\/vc_column][\/vc_row][vc_row wrap_container=&#8220;yes&#8220; css=&#8220;.vc_custom_1627308096543{margin-top: 2% !important;margin-bottom: 2% !important;padding-top: 3% !important;padding-right: 3% !important;padding-bottom: 1% !important;padding-left: 3% !important;background-color: #e41c19 !important;}&#8220;][vc_column][vc_column_text]<\/p>\n<h2 class=\"p1\" style=\"text-align: center; font-size: 40px; color: #ffffff;\">24h-Service<\/h2>\n<p class=\"p1\" style=\"text-align: center; color: #ffffff; font-size: 25px;\">Reparatur von Displaysch\u00e4den und Akku-Tausch binnen 24 Stunden m\u00f6glich!<\/p>\n<p>[\/vc_column_text]<div class=\"porto-btn-ctn-center \"><a class=\"porto-btn porto-adjust-bottom-margin porto-btn-normal porto-btn-no-hover-bg   wpb_custom_fa51088c2567b780100c1edcf8821d3b  porto-btn-center \"  rel='' href = \"tel:+4942211238080\"  data-hover=\"\" data-border-color=\"\" data-bg=\"#ffffff\" data-hover-bg=\"\" data-border-hover=\"\" data-shadow-click=\"none\" data-shadow=\"\" style=\"border:none;background: #ffffff;color: #000000;\"><span class=\"porto-btn-hover\"><\/span><span class=\"porto-btn-data porto-btn-text \" >Jetzt kontaktieren<\/span><\/a><\/div>[\/vc_column][\/vc_row][vc_row wrap_container=&#8220;yes&#8220;][vc_column width=&#8220;1\/2&#8243;][vc_single_image image=&#8220;778&#8243; img_size=&#8220;full&#8220; label=&#8220;&#8220;][vc_column_text]<\/p>\n<h2 class=\"p1\">Displaysch\u00e4den<\/h2>\n<p class=\"p1\">Damit Sie wieder klaren Blick auf Ihr Smartphone haben! Vertrauen Sie unserer jahrelangen Erfahrung und geben Sie Ihr Smartphone in fachkundige H\u00e4nde. Haben Sie Fragen zum Displayschaden? <a href=\"https:\/\/webatmobile.de\/index.php\/kontakt\/\">Kontaktieren Sie uns gerne.<\/a><\/p>\n<p>[\/vc_column_text][\/vc_column][vc_column width=&#8220;1\/2&#8243;][vc_single_image image=&#8220;777&#8243; img_size=&#8220;full&#8220; label=&#8220;&#8220;][vc_column_text]<\/p>\n<h2 class=\"p1\">Displayschutz<\/h2>\n<p class=\"p1\">Vorbeugung spart Ihnen Geld. Um Displaysch\u00e4den pr\u00e4ventiv zu verhindern bzw. die Gefahr eines Schadens zu minimieren bieten wir Ihnen den Displayschutz. Lassen Sie sich jetzt gerne <a href=\"https:\/\/webatmobile.de\/index.php\/kontakt\/\">unverbindlich beraten<\/a>.<\/p>\n<p>[\/vc_column_text][\/vc_column][\/vc_row][vc_row][vc_column][vc_row_inner gap=&#8220;20&#8243; wrap_container=&#8220;yes&#8220; el_class=&#8220;pt-4 pt-sm-0&#8243;][vc_column_inner width=&#8220;2\/3&#8243; animation_delay=&#8220;500&#8243; offset=&#8220;vc_col-md-9&#8243; animation_type=&#8220;fadeInUp&#8220;]<div class=\"porto-faqs porto-faqs57j7 wpb_content_element \">\r\n\t<div class=\"page-faqs clearfix wpb_custom_7fe7ddf8f1a240d6488c8a8c41279112\" id=\"porto_faqs_vraw\">\r\n\r\n\t\t\r\n\t\t\r\n\t\t<div class=\"faq-row faqs-container\">\r\n\t\t\t\r\n<div class=\"faq handyreparatur post-504 type-faq status-publish hentry faq_cat-handyreparatur\">\r\n\t<section class=\"toggle\">\r\n\t\t<label>1 &#8211; Wie viel kostet eine Displayreparatur?<\/label>\r\n\t\t<div class=\"toggle-content\">\r\n\t\t<h3 class=\"entry-title\" style=\"display: none;\">1 &#8211; Wie viel kostet eine Displayreparatur?<\/h3><span class=\"vcard\" style=\"display: none;\"><span class=\"fn\"><a href=\"https:\/\/webatmobile.de\/index.php\/author\/jasmin-rudolph\/\" title=\"Beitr\u00e4ge von admin\" rel=\"author\">admin<\/a><\/span><\/span><span class=\"updated\" style=\"display:none\">2021-07-26T09:09:54+00:00<\/span><p>[vc_row][vc_column][vc_column_text]<\/p>\r\n<p class=\"p1\">Der Preis richtet sich nach Material- und Arbeitsaufwand des entstandenen Schadens. Fragen Sie jetzt unverbindlich an.<\/p>\r\n<p>[\/vc_column_text][\/vc_column][\/vc_row]<\/p>\t\t<\/div>\r\n\t<\/section>\r\n<\/div>\r\n\r\n<div class=\"faq handyreparatur post-503 type-faq status-publish hentry faq_cat-handyreparatur\">\r\n\t<section class=\"toggle\">\r\n\t\t<label>2 &#8211; Wie lange dauert die Reparatur eines Handy-Displays?<\/label>\r\n\t\t<div class=\"toggle-content\">\r\n\t\t<h3 class=\"entry-title\" style=\"display: none;\">2 &#8211; Wie lange dauert die Reparatur eines Handy-Displays?<\/h3><span class=\"vcard\" style=\"display: none;\"><span class=\"fn\"><a href=\"https:\/\/webatmobile.de\/index.php\/author\/jasmin-rudolph\/\" title=\"Beitr\u00e4ge von admin\" rel=\"author\">admin<\/a><\/span><\/span><span class=\"updated\" style=\"display:none\">2021-07-26T09:10:18+00:00<\/span><p>[vc_row][vc_column][vc_column_text]<\/p>\r\n<p class=\"p1\">In der Regel bieten wir Ihnen die Reparatur von Smartphone-Displays innerhalb von 24 Stunden an.<\/p>\r\n<p>[\/vc_column_text][\/vc_column][\/vc_row]<\/p>\t\t<\/div>\r\n\t<\/section>\r\n<\/div>\r\n\r\n<div class=\"faq handyreparatur post-502 type-faq status-publish hentry faq_cat-handyreparatur\">\r\n\t<section class=\"toggle\">\r\n\t\t<label>3 &#8211; Wie l\u00e4uft die Reparatur ab?<\/label>\r\n\t\t<div class=\"toggle-content\">\r\n\t\t<h3 class=\"entry-title\" style=\"display: none;\">3 &#8211; Wie l\u00e4uft die Reparatur ab?<\/h3><span class=\"vcard\" style=\"display: none;\"><span class=\"fn\"><a href=\"https:\/\/webatmobile.de\/index.php\/author\/jasmin-rudolph\/\" title=\"Beitr\u00e4ge von admin\" rel=\"author\">admin<\/a><\/span><\/span><span class=\"updated\" style=\"display:none\">2021-07-26T09:11:07+00:00<\/span><p>[vc_row][vc_column][vc_column_text]<\/p>\r\n<p class=\"p1\">Besuchen Sie uns gerne im Gesch\u00e4ft. Nach einer kurzen Schaden-Begutachtung erhalten Sie einen Kostenvoranschlag. Sofern Sie sich f\u00fcr die Reparatur entscheiden, besprechen wir die kommenden Schritte im Detail mit Ihnen.<\/p>\r\n<p>[\/vc_column_text][\/vc_column][\/vc_row]<\/p>\t\t<\/div>\r\n\t<\/section>\r\n<\/div>\r\n\t\t<\/div>\r\n\r\n\t\t\r\n\t<\/div>\r\n\r\n\t\r\n\t<\/div>[\/vc_column_inner][vc_column_inner el_class=&#8220;custom-res-align&#8220; width=&#8220;1\/3&#8243; offset=&#8220;vc_col-md-3&#8243;][vc_custom_heading text=&#8220;Fragen?&#8220; font_container=&#8220;tag:h3|font_size:23.1px|text_align:left|line_height:24px&#8220; use_theme_fonts=&#8220;yes&#8220; font_weight=&#8220;600&#8243; letter_spacing=&#8220;-1.155px&#8220; animation_delay=&#8220;600&#8243; el_class=&#8220;mb-3 text-color-dark text-center text-md-left&#8220; animation_type=&#8220;fadeInUp&#8220;][vc_custom_heading text=&#8220;Wenn Ihre Frage noch nicht beantwortet wurde, z\u00f6gern Sie nicht uns zu kontaktieren.&#8220; font_container=&#8220;tag:p|text_align:left&#8220; use_theme_fonts=&#8220;yes&#8220; animation_delay=&#8220;700&#8243; el_class=&#8220;pb-1 mb-2 text-center text-md-left&#8220; animation_type=&#8220;fadeInUp&#8220;]<a aria-label=\"0 42 21 - 123 80 80\" class=\"porto-sicon-box-link\" href=\"tel:+4942211238080\"><div class=\"porto-sicon-box text-color-hover-primary pb-2 mb-3  wpb_custom_860683fe6d5975d7b2cff563f7366f5c style_1 default-icon\" data-appear-animation=\"fadeInLeft\" data-appear-animation-delay=\"800\"><div class=\"porto-sicon-default\"><div class=\"porto-just-icon-wrapper porto-icon none\" style=\"color:#212529;font-size:25px;margin-right:8px;\"><i class=\"porto-icon-phone-call\"><\/i><\/div><\/div><div class=\"porto-sicon-header\"><h3 class=\"porto-sicon-title\" style=\"font-weight:600;font-size:15.4px;color:#212529;letter-spacing:0;\">0 42 21 - 123 80 80<\/h3><\/div> <!-- header --><\/div><!-- porto-sicon-box --><\/a>[vc_btn title=&#8220;E-Mail schreiben&#8220; skin=&#8220;dark&#8220; btn_fs=&#8220;0.9625rem&#8220; btn_fw=&#8220;600&#8243; btn_ls=&#8220;0&#8243; animation_delay=&#8220;900&#8243; link=&#8220;url:mailto%3Ainfo%40webatmobile.de|title:Contact%20Us&#8220; el_class=&#8220;custom-btn-style-1 mb-3&#8243; btn_px=&#8220;28px&#8220; btn_py=&#8220;12px&#8220; animation_type=&#8220;fadeInLeft&#8220;][vc_separator color=&#8220;custom&#8220; accent_color=&#8220;rgba(255,255,255,0.06)&#8220; el_class=&#8220;my-4&#8243;][\/vc_column_inner][\/vc_row_inner][\/vc_column][\/vc_row][vc_row wrap_container=&#8220;yes&#8220;][vc_column][vc_gmaps link=&#8220;#E-8_JTNDaWZyYW1lJTIwc3JjJTNEJTIyaHR0cHMlM0ElMkYlMkZ3d3cuZ29vZ2xlLmNvbSUyRm1hcHMlMkZlbWJlZCUzRnBiJTNEJTIxMW0xNCUyMTFtOCUyMTFtMyUyMTFkOTU5MS44OTYwNDY0MjM2OTMlMjEyZDguNjMxMzM3NyUyMTNkNTMuMDU2Nzc0NCUyMTNtMiUyMTFpMTAyNCUyMTJpNzY4JTIxNGYxMy4xJTIxM20zJTIxMW0yJTIxMXMweDAlMjUzQTB4MzJlZDFhMzBhYTNhNzFjNiUyMTJzV2ViJTI1NDBNb2JpbGUlMjE1ZTAlMjEzbTIlMjExc2RlJTIxMnNkZSUyMTR2MTYyNzI4OTcxNzkzMCUyMTVtMiUyMTFzZGUlMjEyc2RlJTIyJTIwd2lkdGglM0QlMjI2MDAlMjIlMjBoZWlnaHQlM0QlMjI0NTAlMjIlMjBzdHlsZSUzRCUyMmJvcmRlciUzQTAlM0IlMjIlMjBhbGxvd2Z1bGxzY3JlZW4lM0QlMjIlMjIlMjBsb2FkaW5nJTNEJTIybGF6eSUyMiUzRSUzQyUyRmlmcmFtZSUzRQ==&#8220; size=&#8220;300px&#8220;][\/vc_column][\/vc_row]<\/p>\n<\/div>","protected":false},"excerpt":{"rendered":"<p>[vc_row el_class=&#8220;pt-3 mt-4&#8243;][vc_column][vc_row_inner wrap_container=&#8220;yes&#8220; el_class=&#8220;m-b-lg pb-2&#8243;][vc_column_inner offset=&#8220;vc_col-md-7&#8243;][vc_custom_heading text=&#8220;Wir retten Ihr Handy!&#8220; use_theme_fonts=&#8220;yes&#8220;][vc_custom_heading text=&#8220;Displaysch\u00e4den sind die wohl h\u00e4ufigsten Sch\u00e4den an Smartphones. Das Handy rutscht aus der Hand und f\u00e4llt ungl\u00fccklich, wobei das Display zerspringt. Wir retten Ihr Mobiltelefon! Doch nicht nur das Display kann ein Reparaturfall werden. Neben dem Tausch des Akkus bieten wir auch den [&hellip;]<\/p>\n","protected":false},"author":1,"featured_media":0,"parent":0,"menu_order":0,"comment_status":"closed","ping_status":"closed","template":"","meta":{"footnotes":""},"class_list":["post-21","page","type-page","status-publish","hentry"],"yoast_head":"<!-- This site is optimized with the Yoast SEO plugin v27.4 - https:\/\/yoast.com\/product\/yoast-seo-wordpress\/ -->\n<title>Handyreparatur - web@mobile<\/title>\n<meta name=\"description\" content=\"Schnelle &amp; professionelle Handyreparatur: \u2713 Reparatur aller Smartphone Marken &amp; Modelle \u2713Displayreparatur \u2713Garantiereparaturen \u2713 Versicherungsf\u00e4lle\" \/>\n<meta name=\"robots\" content=\"index, follow, max-snippet:-1, max-image-preview:large, max-video-preview:-1\" \/>\n<link rel=\"canonical\" href=\"https:\/\/webatmobile.de\/index.php\/handyreparatur\/\" \/>\n<meta property=\"og:locale\" content=\"de_DE\" \/>\n<meta property=\"og:type\" content=\"article\" \/>\n<meta property=\"og:title\" content=\"Handyreparatur - web@mobile\" \/>\n<meta property=\"og:description\" content=\"Schnelle &amp; professionelle Handyreparatur: \u2713 Reparatur aller Smartphone Marken &amp; Modelle \u2713Displayreparatur \u2713Garantiereparaturen \u2713 Versicherungsf\u00e4lle\" \/>\n<meta property=\"og:url\" content=\"https:\/\/webatmobile.de\/index.php\/handyreparatur\/\" \/>\n<meta property=\"og:site_name\" content=\"web@mobile\" \/>\n<meta property=\"article:modified_time\" content=\"2021-07-29T08:46:44+00:00\" \/>\n<meta name=\"twitter:card\" content=\"summary_large_image\" \/>\n<meta name=\"twitter:label1\" content=\"Gesch\u00e4tzte Lesezeit\" \/>\n\t<meta name=\"twitter:data1\" content=\"2\u00a0Minuten\" \/>\n<script type=\"application\/ld+json\" class=\"yoast-schema-graph\">{\"@context\":\"https:\\\/\\\/schema.org\",\"@graph\":[{\"@type\":\"WebPage\",\"@id\":\"https:\\\/\\\/webatmobile.de\\\/index.php\\\/handyreparatur\\\/\",\"url\":\"https:\\\/\\\/webatmobile.de\\\/index.php\\\/handyreparatur\\\/\",\"name\":\"Handyreparatur - web@mobile\",\"isPartOf\":{\"@id\":\"https:\\\/\\\/webatmobile.de\\\/#website\"},\"datePublished\":\"2021-02-10T02:37:32+00:00\",\"dateModified\":\"2021-07-29T08:46:44+00:00\",\"description\":\"Schnelle & professionelle Handyreparatur: \u2713 Reparatur aller Smartphone Marken & Modelle \u2713Displayreparatur \u2713Garantiereparaturen \u2713 Versicherungsf\u00e4lle\",\"breadcrumb\":{\"@id\":\"https:\\\/\\\/webatmobile.de\\\/index.php\\\/handyreparatur\\\/#breadcrumb\"},\"inLanguage\":\"de\",\"potentialAction\":[{\"@type\":\"ReadAction\",\"target\":[\"https:\\\/\\\/webatmobile.de\\\/index.php\\\/handyreparatur\\\/\"]}]},{\"@type\":\"BreadcrumbList\",\"@id\":\"https:\\\/\\\/webatmobile.de\\\/index.php\\\/handyreparatur\\\/#breadcrumb\",\"itemListElement\":[{\"@type\":\"ListItem\",\"position\":1,\"name\":\"Startseite\",\"item\":\"https:\\\/\\\/webatmobile.de\\\/\"},{\"@type\":\"ListItem\",\"position\":2,\"name\":\"Handyreparatur\"}]},{\"@type\":\"WebSite\",\"@id\":\"https:\\\/\\\/webatmobile.de\\\/#website\",\"url\":\"https:\\\/\\\/webatmobile.de\\\/\",\"name\":\"web@mobile\",\"description\":\"Smartphone &amp; Tablets | Festnetz &amp; DSL | Handyreparatur\",\"potentialAction\":[{\"@type\":\"SearchAction\",\"target\":{\"@type\":\"EntryPoint\",\"urlTemplate\":\"https:\\\/\\\/webatmobile.de\\\/?s={search_term_string}\"},\"query-input\":{\"@type\":\"PropertyValueSpecification\",\"valueRequired\":true,\"valueName\":\"search_term_string\"}}],\"inLanguage\":\"de\"}]}<\/script>\n<!-- \/ Yoast SEO plugin. -->","yoast_head_json":{"title":"Handyreparatur - web@mobile","description":"Schnelle & professionelle Handyreparatur: \u2713 Reparatur aller Smartphone Marken & Modelle \u2713Displayreparatur \u2713Garantiereparaturen \u2713 Versicherungsf\u00e4lle","robots":{"index":"index","follow":"follow","max-snippet":"max-snippet:-1","max-image-preview":"max-image-preview:large","max-video-preview":"max-video-preview:-1"},"canonical":"https:\/\/webatmobile.de\/index.php\/handyreparatur\/","og_locale":"de_DE","og_type":"article","og_title":"Handyreparatur - web@mobile","og_description":"Schnelle & professionelle Handyreparatur: \u2713 Reparatur aller Smartphone Marken & Modelle \u2713Displayreparatur \u2713Garantiereparaturen \u2713 Versicherungsf\u00e4lle","og_url":"https:\/\/webatmobile.de\/index.php\/handyreparatur\/","og_site_name":"web@mobile","article_modified_time":"2021-07-29T08:46:44+00:00","twitter_card":"summary_large_image","twitter_misc":{"Gesch\u00e4tzte Lesezeit":"2\u00a0Minuten"},"schema":{"@context":"https:\/\/schema.org","@graph":[{"@type":"WebPage","@id":"https:\/\/webatmobile.de\/index.php\/handyreparatur\/","url":"https:\/\/webatmobile.de\/index.php\/handyreparatur\/","name":"Handyreparatur - web@mobile","isPartOf":{"@id":"https:\/\/webatmobile.de\/#website"},"datePublished":"2021-02-10T02:37:32+00:00","dateModified":"2021-07-29T08:46:44+00:00","description":"Schnelle & professionelle Handyreparatur: \u2713 Reparatur aller Smartphone Marken & Modelle \u2713Displayreparatur \u2713Garantiereparaturen \u2713 Versicherungsf\u00e4lle","breadcrumb":{"@id":"https:\/\/webatmobile.de\/index.php\/handyreparatur\/#breadcrumb"},"inLanguage":"de","potentialAction":[{"@type":"ReadAction","target":["https:\/\/webatmobile.de\/index.php\/handyreparatur\/"]}]},{"@type":"BreadcrumbList","@id":"https:\/\/webatmobile.de\/index.php\/handyreparatur\/#breadcrumb","itemListElement":[{"@type":"ListItem","position":1,"name":"Startseite","item":"https:\/\/webatmobile.de\/"},{"@type":"ListItem","position":2,"name":"Handyreparatur"}]},{"@type":"WebSite","@id":"https:\/\/webatmobile.de\/#website","url":"https:\/\/webatmobile.de\/","name":"web@mobile","description":"Smartphone &amp; Tablets | Festnetz &amp; DSL | Handyreparatur","potentialAction":[{"@type":"SearchAction","target":{"@type":"EntryPoint","urlTemplate":"https:\/\/webatmobile.de\/?s={search_term_string}"},"query-input":{"@type":"PropertyValueSpecification","valueRequired":true,"valueName":"search_term_string"}}],"inLanguage":"de"}]}},"_links":{"self":[{"href":"https:\/\/webatmobile.de\/index.php\/wp-json\/wp\/v2\/pages\/21","targetHints":{"allow":["GET"]}}],"collection":[{"href":"https:\/\/webatmobile.de\/index.php\/wp-json\/wp\/v2\/pages"}],"about":[{"href":"https:\/\/webatmobile.de\/index.php\/wp-json\/wp\/v2\/types\/page"}],"author":[{"embeddable":true,"href":"https:\/\/webatmobile.de\/index.php\/wp-json\/wp\/v2\/users\/1"}],"replies":[{"embeddable":true,"href":"https:\/\/webatmobile.de\/index.php\/wp-json\/wp\/v2\/comments?post=21"}],"version-history":[{"count":10,"href":"https:\/\/webatmobile.de\/index.php\/wp-json\/wp\/v2\/pages\/21\/revisions"}],"predecessor-version":[{"id":741,"href":"https:\/\/webatmobile.de\/index.php\/wp-json\/wp\/v2\/pages\/21\/revisions\/741"}],"wp:attachment":[{"href":"https:\/\/webatmobile.de\/index.php\/wp-json\/wp\/v2\/media?parent=21"}],"curies":[{"name":"wp","href":"https:\/\/api.w.org\/{rel}","templated":true}]}}